{"id":23982,"date":"2026-01-14T04:03:17","date_gmt":"2026-01-14T03:03:17","guid":{"rendered":"https:\/\/www.agraritaeten-shop.com\/?post_type=product&#038;p=23982"},"modified":"2026-01-05T04:13:05","modified_gmt":"2026-01-05T03:13:05","slug":"ihc-wartungsanleitung-fuer-schlepper-f-12-g-fs-und-fg","status":"publish","type":"product","link":"https:\/\/www.agraritaeten-shop.com\/en\/shop\/betriebsanleitungen\/traktoren-betriebsanleitungen\/ihc-wartungsanleitung-fuer-schlepper-f-12-g-fs-und-fg\/","title":{"rendered":"IHC Wartungsanleitung f\u00fcr Schlepper F-12-G, FS und FG"},"content":{"rendered":"<h1><strong>original Wartungsanleitung<br \/>\n<\/strong><\/h1>\n<h2>IHC International Anleitung zur \u00dcberholung<br \/>\n<span style=\"font-size: 100%;\">f\u00fcr Schlepper F-12-G, FS und FG<\/span><\/h2>\n<ul>\n<li>A5 format<\/li>\n<li>136 pages<\/li>\n<li>German<\/li>\n<li>used<\/li>\n<li>heavier signs of use and dirt, but complete<\/li>\n<li>100% original<\/li>\n<\/ul>","protected":false},"excerpt":{"rendered":"<p>original Wartungsanleitung IHC International Anleitung zur \u00dcberholung f\u00fcr Schlepper F-12-G, FS und FG A5 Format 136 Seiten Deutsch gebraucht gr\u00f6bere Gebrauchsspuren und Verschmutzungen, aber vollst\u00e4ndig erhalten 100% original<\/p>","protected":false},"featured_media":23841,"template":"","meta":[],"product_brand":[],"product_cat":[16,18,42,46,49],"product_tag":[251,185,187,256,188,787],"class_list":{"0":"post-23982","1":"product","2":"type-product","3":"status-publish","4":"has-post-thumbnail","6":"product_cat-betriebsanleitungen","7":"product_cat-handbuecher","8":"product_cat-ihc_international","9":"product_cat-traktoren-betriebsanleitungen","10":"product_cat-handbuecher-traktoren","11":"product_tag-betriebsanleitung","12":"product_tag-ihc","13":"product_tag-international","14":"product_tag-schlepper","15":"product_tag-traktor","16":"product_tag-wartungsanleitung","18":"first","19":"instock","20":"shipping-taxable","21":"purchasable","22":"product-type-simple"},"_links":{"self":[{"href":"https:\/\/www.agraritaeten-shop.com\/en\/wp-json\/wp\/v2\/product\/23982","targetHints":{"allow":["GET"]}}],"collection":[{"href":"https:\/\/www.agraritaeten-shop.com\/en\/wp-json\/wp\/v2\/product"}],"about":[{"href":"https:\/\/www.agraritaeten-shop.com\/en\/wp-json\/wp\/v2\/types\/product"}],"wp:featuredmedia":[{"embeddable":true,"href":"https:\/\/www.agraritaeten-shop.com\/en\/wp-json\/wp\/v2\/media\/23841"}],"wp:attachment":[{"href":"https:\/\/www.agraritaeten-shop.com\/en\/wp-json\/wp\/v2\/media?parent=23982"}],"wp:term":[{"taxonomy":"product_brand","embeddable":true,"href":"https:\/\/www.agraritaeten-shop.com\/en\/wp-json\/wp\/v2\/product_brand?post=23982"},{"taxonomy":"product_cat","embeddable":true,"href":"https:\/\/www.agraritaeten-shop.com\/en\/wp-json\/wp\/v2\/product_cat?post=23982"},{"taxonomy":"product_tag","embeddable":true,"href":"https:\/\/www.agraritaeten-shop.com\/en\/wp-json\/wp\/v2\/product_tag?post=23982"}],"curies":[{"name":"wp","href":"https:\/\/api.w.org\/{rel}","templated":true}]}}