{"id":23985,"date":"2026-02-01T04:20:46","date_gmt":"2026-02-01T03:20:46","guid":{"rendered":"https:\/\/www.agraritaeten-shop.com\/?post_type=product&#038;p=23985"},"modified":"2026-02-25T20:02:49","modified_gmt":"2026-02-25T19:02:49","slug":"hofherr-schrantz-prospekt-verkaufsprogramm","status":"publish","type":"product","link":"https:\/\/www.agraritaeten-shop.com\/en\/shop\/prospekte\/hofherr-schrantz-prospekte\/hofherr-schrantz-prospekt-verkaufsprogramm\/","title":{"rendered":"HOFHERR-SCHRANTZ Prospekt Verkaufsprogramm"},"content":{"rendered":"<h1><strong>original brochure<br \/>\n<\/strong><\/h1>\n<h2>HOFHERR-SCHRANTZ Verkaufsprogramm<br \/>\n<span style=\"font-size: 75%;\">Multi Culta, Fronthacke, R\u00fcbenvollerntemaschine, M\u00e4hdrescher, Alleslader, Kartoffelroder, Aufsammelpresse, Heuger\u00e4t, Feldh\u00e4cksler, Hackegge, R\u00fcbenschneider, Schrotm\u00fchle, Maisrebler<\/span><br \/>\n<span style=\"font-size: 75%;\">Schlepper Super 5, Super 5 S, Master 385, Austro Junior, Standard Star, Super Export<\/span><br \/>\n<span style=\"font-size: 75%;\">Allzweckwagen Heublitz, Ladewagen Ladeblitz<\/span><\/h2>\n<ul>\n<li>15cm x 21cm<\/li>\n<li>fold-out along the length to 6 times its original size<\/li>\n<li>German<\/li>\n<li>last page punched<\/li>\n<li>used<\/li>\n<li>very good condition<\/li>\n<li>100% original<\/li>\n<li>Print No.: <em>V-10165<\/em><\/li>\n<\/ul>","protected":false},"excerpt":{"rendered":"<p>original Prospekt HOFHERR-SCHRANTZ Verkaufsprogramm Multi Culta, Fronthacke, R\u00fcbenvollerntemaschine, M\u00e4hdrescher, Alleslader, Kartoffelroder, Aufsammelpresse, Heuger\u00e4t, Feldh\u00e4cksler, Hackegge, R\u00fcbenschneider, Schrotm\u00fchle, Maisrebler Schlepper Super 5, Super 5 S, Master 385, Austro Junior, Standard Star, Super Export Allzweckwagen Heublitz, Ladewagen Ladeblitz 15cm x 21cm der L\u00e4nge nach ausfaltbar zur 6fachen Gr\u00f6\u00dfe Deutsch letzte Seite gelocht gebraucht sehr guter Zustand 100% [&#8230;]\n","protected":false},"featured_media":23837,"template":"","meta":[],"product_brand":[],"product_cat":[141,51,45],"product_tag":[1731,219,242,445,3335,323,3337,969,332,1034,551,189,3338,1037,186,967,3336,256,1039,188,3333],"class_list":{"0":"post-23985","1":"product","2":"type-product","3":"status-publish","4":"has-post-thumbnail","6":"product_cat-hofherr-schrantz-prospekte","7":"product_cat-hofherr-schrantz","8":"product_cat-prospekte","9":"product_tag-alleslader","10":"product_tag-allzweckwagen","11":"product_tag-aufsammelpresse","12":"product_tag-feldhaecksler","13":"product_tag-fronthacke","14":"product_tag-geraete","15":"product_tag-hackegge","16":"product_tag-heugeraet","17":"product_tag-hofherr-schrantz","18":"product_tag-kartoffelroder","19":"product_tag-landmaschinen","20":"product_tag-maehdrescher","21":"product_tag-maisrebler","22":"product_tag-multi-culta","23":"product_tag-prospekt","24":"product_tag-ruebenschneider","25":"product_tag-ruebenvollerntemaschine","26":"product_tag-schlepper","27":"product_tag-schrotmuehle","28":"product_tag-traktor","29":"product_tag-verkaufsprogramm","31":"first","32":"instock","33":"shipping-taxable","34":"purchasable","35":"product-type-simple"},"_links":{"self":[{"href":"https:\/\/www.agraritaeten-shop.com\/en\/wp-json\/wp\/v2\/product\/23985","targetHints":{"allow":["GET"]}}],"collection":[{"href":"https:\/\/www.agraritaeten-shop.com\/en\/wp-json\/wp\/v2\/product"}],"about":[{"href":"https:\/\/www.agraritaeten-shop.com\/en\/wp-json\/wp\/v2\/types\/product"}],"wp:featuredmedia":[{"embeddable":true,"href":"https:\/\/www.agraritaeten-shop.com\/en\/wp-json\/wp\/v2\/media\/23837"}],"wp:attachment":[{"href":"https:\/\/www.agraritaeten-shop.com\/en\/wp-json\/wp\/v2\/media?parent=23985"}],"wp:term":[{"taxonomy":"product_brand","embeddable":true,"href":"https:\/\/www.agraritaeten-shop.com\/en\/wp-json\/wp\/v2\/product_brand?post=23985"},{"taxonomy":"product_cat","embeddable":true,"href":"https:\/\/www.agraritaeten-shop.com\/en\/wp-json\/wp\/v2\/product_cat?post=23985"},{"taxonomy":"product_tag","embeddable":true,"href":"https:\/\/www.agraritaeten-shop.com\/en\/wp-json\/wp\/v2\/product_tag?post=23985"}],"curies":[{"name":"wp","href":"https:\/\/api.w.org\/{rel}","templated":true}]}}