{"id":23989,"date":"2026-01-05T04:50:24","date_gmt":"2026-01-05T03:50:24","guid":{"rendered":"https:\/\/www.agraritaeten-shop.com\/?post_type=product&#038;p=23989"},"modified":"2026-01-05T04:53:52","modified_gmt":"2026-01-05T03:53:52","slug":"verein-fuer-zuckerruebenforschung-flugblatt-die-hackegge","status":"publish","type":"product","link":"https:\/\/www.agraritaeten-shop.com\/en\/shop\/prospekte\/sonstige-prospekte\/verein-fuer-zuckerruebenforschung-flugblatt-die-hackegge\/","title":{"rendered":"VEREIN f\u00fcr ZUCKERR\u00dcBENFORSCHUNG Flugblatt &#8222;Die Hackegge&#8220;"},"content":{"rendered":"<h1><strong>original brochure<br \/>\n<\/strong><\/h1>\n<h2>VEREIN f\u00fcr ZUCKERR\u00dcBENFORSCHUNG<br \/>\nFlugblatt &#8222;Die Hackegge &#8211; ein vielseitig verwendbares Ger\u00e4t&#8220;<br \/>\n<span style=\"font-size: 75%;\">von Dipl.-Ing. A. Graf<\/span><\/h2>\n<ul>\n<li>A5 format<\/li>\n<li>4 pages<\/li>\n<li>German<\/li>\n<li>punched<\/li>\n<li>used<\/li>\n<li>very good condition<\/li>\n<li>100% original<\/li>\n<\/ul>","protected":false},"excerpt":{"rendered":"<p>original Prospekt VEREIN f\u00fcr ZUCKERR\u00dcBENFORSCHUNG Flugblatt &#8222;Die Hackegge &#8211; ein vielseitig verwendbares Ger\u00e4t&#8220; von Dipl.-Ing. A. Graf A5 Format 4 Seiten Deutsch gelocht gebraucht sehr guter Zustand 100% original<\/p>","protected":false},"featured_media":23875,"template":"","meta":[],"product_brand":[],"product_cat":[45,123,132],"product_tag":[3340,3337,186,3339],"class_list":{"0":"post-23989","1":"product","2":"type-product","3":"status-publish","4":"has-post-thumbnail","6":"product_cat-prospekte","7":"product_cat-sonstige","8":"product_cat-sonstige-prospekte","9":"product_tag-flugblatt","10":"product_tag-hackegge","11":"product_tag-prospekt","12":"product_tag-verein-fuer-zuckerruebenforschung","14":"first","15":"instock","16":"shipping-taxable","17":"purchasable","18":"product-type-simple"},"_links":{"self":[{"href":"https:\/\/www.agraritaeten-shop.com\/en\/wp-json\/wp\/v2\/product\/23989","targetHints":{"allow":["GET"]}}],"collection":[{"href":"https:\/\/www.agraritaeten-shop.com\/en\/wp-json\/wp\/v2\/product"}],"about":[{"href":"https:\/\/www.agraritaeten-shop.com\/en\/wp-json\/wp\/v2\/types\/product"}],"wp:featuredmedia":[{"embeddable":true,"href":"https:\/\/www.agraritaeten-shop.com\/en\/wp-json\/wp\/v2\/media\/23875"}],"wp:attachment":[{"href":"https:\/\/www.agraritaeten-shop.com\/en\/wp-json\/wp\/v2\/media?parent=23989"}],"wp:term":[{"taxonomy":"product_brand","embeddable":true,"href":"https:\/\/www.agraritaeten-shop.com\/en\/wp-json\/wp\/v2\/product_brand?post=23989"},{"taxonomy":"product_cat","embeddable":true,"href":"https:\/\/www.agraritaeten-shop.com\/en\/wp-json\/wp\/v2\/product_cat?post=23989"},{"taxonomy":"product_tag","embeddable":true,"href":"https:\/\/www.agraritaeten-shop.com\/en\/wp-json\/wp\/v2\/product_tag?post=23989"}],"curies":[{"name":"wp","href":"https:\/\/api.w.org\/{rel}","templated":true}]}}