{"id":24069,"date":"2026-01-05T13:17:33","date_gmt":"2026-01-05T12:17:33","guid":{"rendered":"https:\/\/www.agraritaeten-shop.com\/?post_type=product&#038;p=24069"},"modified":"2026-02-27T18:32:56","modified_gmt":"2026-02-27T17:32:56","slug":"walterscheid-prospekt-montagewerkzeug","status":"publish","type":"product","link":"https:\/\/www.agraritaeten-shop.com\/en\/shop\/prospekte\/sonstige-prospekte\/walterscheid-prospekt-montagewerkzeug\/","title":{"rendered":"WALTERSCHEID Prospekt Montagewerkzeug"},"content":{"rendered":"<h1><strong>original brochure<br \/>\n<\/strong><\/h1>\n<h2>WALTERSCHEID Montagewerkzeug<br \/>\nf\u00fcr Gelenkwellen, \u00dcberlastkupplungen, Unfallschutzvorrichtungen<\/h2>\n<ul>\n<li>A4 format<\/li>\n<li>4 pages<\/li>\n<li>German, English, French<\/li>\n<li>punched<\/li>\n<li>used<\/li>\n<li>very good condition<\/li>\n<li>100% original<\/li>\n<li>Print No.: <em>LG326 d\/e\/fr 683 G 10-I<\/em><\/li>\n<\/ul>","protected":false},"excerpt":{"rendered":"<p>original Prospekt WALTERSCHEID Montagewerkzeug f\u00fcr Gelenkwellen, \u00dcberlastkupplungen, Unfallschutzvorrichtungen A4 Format 4 Seiten Deutsch, Englisch, Franz\u00f6sisch gelocht gebraucht sehr guter Zustand 100% original DruckNr. LG326 d\/e\/fr 683 G 10-I<\/p>","protected":false},"featured_media":23995,"template":"","meta":[],"product_brand":[],"product_cat":[45,123,132],"product_tag":[2807,3341,186,3342,3343,1608],"class_list":{"0":"post-24069","1":"product","2":"type-product","3":"status-publish","4":"has-post-thumbnail","6":"product_cat-prospekte","7":"product_cat-sonstige","8":"product_cat-sonstige-prospekte","9":"product_tag-gelenkwellen","10":"product_tag-montagewerkzeug","11":"product_tag-prospekt","12":"product_tag-ueberlastkupplungen","13":"product_tag-unfallschutzvorrichtungen","14":"product_tag-walterscheid","16":"first","17":"instock","18":"shipping-taxable","19":"purchasable","20":"product-type-simple"},"_links":{"self":[{"href":"https:\/\/www.agraritaeten-shop.com\/en\/wp-json\/wp\/v2\/product\/24069","targetHints":{"allow":["GET"]}}],"collection":[{"href":"https:\/\/www.agraritaeten-shop.com\/en\/wp-json\/wp\/v2\/product"}],"about":[{"href":"https:\/\/www.agraritaeten-shop.com\/en\/wp-json\/wp\/v2\/types\/product"}],"wp:featuredmedia":[{"embeddable":true,"href":"https:\/\/www.agraritaeten-shop.com\/en\/wp-json\/wp\/v2\/media\/23995"}],"wp:attachment":[{"href":"https:\/\/www.agraritaeten-shop.com\/en\/wp-json\/wp\/v2\/media?parent=24069"}],"wp:term":[{"taxonomy":"product_brand","embeddable":true,"href":"https:\/\/www.agraritaeten-shop.com\/en\/wp-json\/wp\/v2\/product_brand?post=24069"},{"taxonomy":"product_cat","embeddable":true,"href":"https:\/\/www.agraritaeten-shop.com\/en\/wp-json\/wp\/v2\/product_cat?post=24069"},{"taxonomy":"product_tag","embeddable":true,"href":"https:\/\/www.agraritaeten-shop.com\/en\/wp-json\/wp\/v2\/product_tag?post=24069"}],"curies":[{"name":"wp","href":"https:\/\/api.w.org\/{rel}","templated":true}]}}