{"id":24140,"date":"2026-02-24T09:27:36","date_gmt":"2026-02-24T08:27:36","guid":{"rendered":"https:\/\/www.agraritaeten-shop.com\/?post_type=product&#038;p=24140"},"modified":"2026-02-25T08:38:03","modified_gmt":"2026-02-25T07:38:03","slug":"gutbrod-prospekt-kombinations-geraete","status":"publish","type":"product","link":"https:\/\/www.agraritaeten-shop.com\/en\/shop\/prospekte\/sonstige-prospekte\/gutbrod-prospekt-kombinations-geraete\/","title":{"rendered":"GUTBROD Prospekt Kombinations-Ger\u00e4te"},"content":{"rendered":"<h1><strong>original brochure<br \/>\n<\/strong><\/h1>\n<h2>GUTBROD Kombinations-Ger\u00e4te<br \/>\n<span style=\"font-size: 75%;\">Terra-System, Gartenboy, Rasenm\u00e4her, Einachs-Schlepper, Motorm\u00e4her, Gro\u00dffl\u00e4chenm\u00e4her, Bodenreinigungsmaschinen<\/span><\/h2>\n<ul>\n<li>approx. 10cm x 21cm<\/li>\n<li>fold-out along the length to 6 times its original size<\/li>\n<li>German<\/li>\n<li>punched<\/li>\n<li>used<\/li>\n<li>minimal abgegriffen, aber gut erhalten, kleine Verschmutzungen<\/li>\n<li>100% original<\/li>\n<li>Print No.: <em>313<\/em><\/li>\n<\/ul>","protected":false},"excerpt":{"rendered":"<p>original Prospekt GUTBROD Kombinations-Ger\u00e4te Terra-System, Gartenboy, Rasenm\u00e4her, Einachs-Schlepper, Motorm\u00e4her, Gro\u00dffl\u00e4chenm\u00e4her, Bodenreinigungsmaschinen ca. 10cm x 21cm der L\u00e4nge nach ausklappbar zur 6fachen Gr\u00f6\u00dfe Deutsch gelocht gebraucht minimal abgegriffen, aber gut erhalten, kleine Verschmutzungen 100% original DruckNr. 313<\/p>","protected":false},"featured_media":24056,"template":"","meta":[],"product_brand":[],"product_cat":[45,123,132],"product_tag":[3098,481,2516,262,366,186,357,256],"class_list":{"0":"post-24140","1":"product","2":"type-product","3":"status-publish","4":"has-post-thumbnail","6":"product_cat-prospekte","7":"product_cat-sonstige","8":"product_cat-sonstige-prospekte","9":"product_tag-bodenreinigung","10":"product_tag-einachser","11":"product_tag-gutbrod","12":"product_tag-maeher","13":"product_tag-motormaeher","14":"product_tag-prospekt","15":"product_tag-rasenmaeher","16":"product_tag-schlepper","18":"first","19":"instock","20":"shipping-taxable","21":"purchasable","22":"product-type-simple"},"_links":{"self":[{"href":"https:\/\/www.agraritaeten-shop.com\/en\/wp-json\/wp\/v2\/product\/24140","targetHints":{"allow":["GET"]}}],"collection":[{"href":"https:\/\/www.agraritaeten-shop.com\/en\/wp-json\/wp\/v2\/product"}],"about":[{"href":"https:\/\/www.agraritaeten-shop.com\/en\/wp-json\/wp\/v2\/types\/product"}],"wp:featuredmedia":[{"embeddable":true,"href":"https:\/\/www.agraritaeten-shop.com\/en\/wp-json\/wp\/v2\/media\/24056"}],"wp:attachment":[{"href":"https:\/\/www.agraritaeten-shop.com\/en\/wp-json\/wp\/v2\/media?parent=24140"}],"wp:term":[{"taxonomy":"product_brand","embeddable":true,"href":"https:\/\/www.agraritaeten-shop.com\/en\/wp-json\/wp\/v2\/product_brand?post=24140"},{"taxonomy":"product_cat","embeddable":true,"href":"https:\/\/www.agraritaeten-shop.com\/en\/wp-json\/wp\/v2\/product_cat?post=24140"},{"taxonomy":"product_tag","embeddable":true,"href":"https:\/\/www.agraritaeten-shop.com\/en\/wp-json\/wp\/v2\/product_tag?post=24140"}],"curies":[{"name":"wp","href":"https:\/\/api.w.org\/{rel}","templated":true}]}}