{"id":24158,"date":"2026-01-13T22:55:33","date_gmt":"2026-01-13T21:55:33","guid":{"rendered":"https:\/\/www.agraritaeten-shop.com\/?post_type=product&#038;p=24158"},"modified":"2026-01-28T05:00:24","modified_gmt":"2026-01-28T04:00:24","slug":"bungartz-prospekt-einachsschlepper-fr","status":"publish","type":"product","link":"https:\/\/www.agraritaeten-shop.com\/en\/shop\/prospekte\/sonstige-prospekte\/bungartz-prospekt-einachsschlepper-fr\/","title":{"rendered":"BUNGARTZ Prospekt Einachsschlepper FR"},"content":{"rendered":"<h1><strong>original brochure<br \/>\n<\/strong><\/h1>\n<h2>BUNGARTZ<br \/>\nEinachsschlepper FR 6PS<\/h2>\n<ul>\n<li>10cm x 20cm<\/li>\n<li>fold-out along the length to 4 times its original size<\/li>\n<li>German<\/li>\n<li>not punched<\/li>\n<li>used<\/li>\n<li>very good condition<\/li>\n<li>100% original<\/li>\n<li>DruckNr. 7\/53D<\/li>\n<\/ul>","protected":false},"excerpt":{"rendered":"<p>original Prospekt BUNGARTZ Einachsschlepper FR 6PS 10cm x 20cm der L\u00e4nge nach ausklappbar zur 4fachen Gr\u00f6\u00dfe Deutsch nicht gelocht gebraucht sehr guter Zustand 100% original DruckNr. 7\/53D<\/p>","protected":false},"featured_media":24060,"template":"","meta":[],"product_brand":[],"product_cat":[45,123,132],"product_tag":[3262,481,1405,1479,186,188,531,3270],"class_list":{"0":"post-24158","1":"product","2":"type-product","3":"status-publish","4":"has-post-thumbnail","6":"product_cat-prospekte","7":"product_cat-sonstige","8":"product_cat-sonstige-prospekte","9":"product_tag-bungartz","10":"product_tag-einachser","11":"product_tag-fraese","12":"product_tag-hacke","13":"product_tag-prospekt","14":"product_tag-traktor","15":"product_tag-transporter","16":"product_tag-vielzweckmaschine","18":"first","19":"outofstock","20":"shipping-taxable","21":"purchasable","22":"product-type-simple"},"_links":{"self":[{"href":"https:\/\/www.agraritaeten-shop.com\/en\/wp-json\/wp\/v2\/product\/24158","targetHints":{"allow":["GET"]}}],"collection":[{"href":"https:\/\/www.agraritaeten-shop.com\/en\/wp-json\/wp\/v2\/product"}],"about":[{"href":"https:\/\/www.agraritaeten-shop.com\/en\/wp-json\/wp\/v2\/types\/product"}],"wp:featuredmedia":[{"embeddable":true,"href":"https:\/\/www.agraritaeten-shop.com\/en\/wp-json\/wp\/v2\/media\/24060"}],"wp:attachment":[{"href":"https:\/\/www.agraritaeten-shop.com\/en\/wp-json\/wp\/v2\/media?parent=24158"}],"wp:term":[{"taxonomy":"product_brand","embeddable":true,"href":"https:\/\/www.agraritaeten-shop.com\/en\/wp-json\/wp\/v2\/product_brand?post=24158"},{"taxonomy":"product_cat","embeddable":true,"href":"https:\/\/www.agraritaeten-shop.com\/en\/wp-json\/wp\/v2\/product_cat?post=24158"},{"taxonomy":"product_tag","embeddable":true,"href":"https:\/\/www.agraritaeten-shop.com\/en\/wp-json\/wp\/v2\/product_tag?post=24158"}],"curies":[{"name":"wp","href":"https:\/\/api.w.org\/{rel}","templated":true}]}}