{"id":2419,"date":"2023-12-03T15:35:07","date_gmt":"2023-12-03T14:35:07","guid":{"rendered":"https:\/\/www.agraritaeten-shop.com\/?post_type=product&#038;p=2419"},"modified":"2023-12-03T15:25:43","modified_gmt":"2023-12-03T14:25:43","slug":"steyr-betriebsanleitung-traktor-870-870a-980-980a-1090-1090a","status":"publish","type":"product","link":"https:\/\/www.agraritaeten-shop.com\/en\/shop\/betriebsanleitungen\/traktoren-betriebsanleitungen\/steyr-betriebsanleitung-traktor-870-870a-980-980a-1090-1090a\/","title":{"rendered":"STEYR Betriebsanleitung Traktor 870\/870a \/980\/980a \/1090\/1090a"},"content":{"rendered":"<h1><strong>original User Manual<br \/>\n<\/strong><\/h1>\n<h2><strong>f\u00fcr STEYR Traktor 870\/870a\/980\/980a\/1090\/1090a<br \/>\n<\/strong><span style=\"font-size: 75%;\">1. Auflage<\/span><\/h2>\n<ul>\n<li>A5 landscape format<\/li>\n<li>88 pages<\/li>\n<li>German<\/li>\n<li>not punched<\/li>\n<li>used<\/li>\n<li>heavy signs of use, but complete and no restriction in use<br \/>\nsoiling\/discoloration\/partially scribbled in some areas<\/li>\n<li>100% original<\/li>\n<li>DruckNr. TS 268\/74, Hd 11.295-1,5-12.74<\/li>\n<\/ul>","protected":false},"excerpt":{"rendered":"<p>original Betriebsanleitung f\u00fcr STEYR Traktor 870\/870a\/980\/980a\/1090\/1090a 1. Auflage A5 Querformat 88 Seiten Deutsch nicht gelocht gebraucht gr\u00f6bere Gebrauchsspuren, aber vollst\u00e4ndig erhalten und keine Einschr\u00e4nkung in der Verwendung Verschmutzungen\/Verf\u00e4rbungen\/an einigen Stellen bekritzelt 100% original DruckNr. TS 268\/74, Hd 11.295-1,5-12.74<\/p>","protected":false},"featured_media":2372,"template":"","meta":[],"product_brand":[],"product_cat":[16,53,46],"product_tag":[251,306,188],"class_list":{"0":"post-2419","1":"product","2":"type-product","3":"status-publish","4":"has-post-thumbnail","6":"product_cat-betriebsanleitungen","7":"product_cat-steyr","8":"product_cat-traktoren-betriebsanleitungen","9":"product_tag-betriebsanleitung","10":"product_tag-steyr","11":"product_tag-traktor","13":"first","14":"instock","15":"shipping-taxable","16":"purchasable","17":"product-type-simple"},"_links":{"self":[{"href":"https:\/\/www.agraritaeten-shop.com\/en\/wp-json\/wp\/v2\/product\/2419","targetHints":{"allow":["GET"]}}],"collection":[{"href":"https:\/\/www.agraritaeten-shop.com\/en\/wp-json\/wp\/v2\/product"}],"about":[{"href":"https:\/\/www.agraritaeten-shop.com\/en\/wp-json\/wp\/v2\/types\/product"}],"wp:featuredmedia":[{"embeddable":true,"href":"https:\/\/www.agraritaeten-shop.com\/en\/wp-json\/wp\/v2\/media\/2372"}],"wp:attachment":[{"href":"https:\/\/www.agraritaeten-shop.com\/en\/wp-json\/wp\/v2\/media?parent=2419"}],"wp:term":[{"taxonomy":"product_brand","embeddable":true,"href":"https:\/\/www.agraritaeten-shop.com\/en\/wp-json\/wp\/v2\/product_brand?post=2419"},{"taxonomy":"product_cat","embeddable":true,"href":"https:\/\/www.agraritaeten-shop.com\/en\/wp-json\/wp\/v2\/product_cat?post=2419"},{"taxonomy":"product_tag","embeddable":true,"href":"https:\/\/www.agraritaeten-shop.com\/en\/wp-json\/wp\/v2\/product_tag?post=2419"}],"curies":[{"name":"wp","href":"https:\/\/api.w.org\/{rel}","templated":true}]}}