{"id":24284,"date":"2026-01-20T12:47:53","date_gmt":"2026-01-20T11:47:53","guid":{"rendered":"https:\/\/www.agraritaeten-shop.com\/?post_type=product&#038;p=24284"},"modified":"2026-01-20T21:58:02","modified_gmt":"2026-01-20T20:58:02","slug":"mo-morawetz-prospekt-vacuumfass-guelleknecht-3","status":"publish","type":"product","link":"https:\/\/www.agraritaeten-shop.com\/en\/shop\/prospekte\/sonstige-prospekte\/mo-morawetz-prospekt-vacuumfass-guelleknecht-3\/","title":{"rendered":"MO Morawetz Prospekt Vacuumfa\u00df &#8222;G\u00fclleknecht&#8220;"},"content":{"rendered":"<h1><strong>original brochure<br \/>\n<\/strong><\/h1>\n<h2>MO Oskar Morawetz Maschinenbau u. Gro\u00dfhandel, Geinberg\/\u00d6sterreich<br \/>\nVacuumfa\u00df &#8222;G\u00fclleknecht&#8220;<\/h2>\n<ul>\n<li>A4 format<\/li>\n<li>Fold-out brochure with 6 pages<\/li>\n<li>German<\/li>\n<li>punched<\/li>\n<li>folded in the middle<\/li>\n<li>used<\/li>\n<li>very good condition<\/li>\n<li>100% original<\/li>\n<li>DruckNr. Sept. 1986<\/li>\n<\/ul>","protected":false},"excerpt":{"rendered":"<p>original Prospekt MO Oskar Morawetz Maschinenbau u. Gro\u00dfhandel, Geinberg\/\u00d6sterreich Vacuumfa\u00df &#8222;G\u00fclleknecht&#8220; A4 Format 6 Seiten ausklappbar Deutsch gelocht in der Mitte geknickt gebraucht sehr guter Zustand 100% original DruckNr. Sept. 1986<\/p>","protected":false},"featured_media":24199,"template":"","meta":[],"product_brand":[],"product_cat":[45,123,132],"product_tag":[2030,2026,2027,186,2029],"class_list":{"0":"post-24284","1":"product","2":"type-product","3":"status-publish","4":"has-post-thumbnail","6":"product_cat-prospekte","7":"product_cat-sonstige","8":"product_cat-sonstige-prospekte","9":"product_tag-guelleknecht","10":"product_tag-mo","11":"product_tag-morawetz","12":"product_tag-prospekt","13":"product_tag-vacuumfass","15":"first","16":"outofstock","17":"shipping-taxable","18":"purchasable","19":"product-type-simple"},"_links":{"self":[{"href":"https:\/\/www.agraritaeten-shop.com\/en\/wp-json\/wp\/v2\/product\/24284","targetHints":{"allow":["GET"]}}],"collection":[{"href":"https:\/\/www.agraritaeten-shop.com\/en\/wp-json\/wp\/v2\/product"}],"about":[{"href":"https:\/\/www.agraritaeten-shop.com\/en\/wp-json\/wp\/v2\/types\/product"}],"wp:featuredmedia":[{"embeddable":true,"href":"https:\/\/www.agraritaeten-shop.com\/en\/wp-json\/wp\/v2\/media\/24199"}],"wp:attachment":[{"href":"https:\/\/www.agraritaeten-shop.com\/en\/wp-json\/wp\/v2\/media?parent=24284"}],"wp:term":[{"taxonomy":"product_brand","embeddable":true,"href":"https:\/\/www.agraritaeten-shop.com\/en\/wp-json\/wp\/v2\/product_brand?post=24284"},{"taxonomy":"product_cat","embeddable":true,"href":"https:\/\/www.agraritaeten-shop.com\/en\/wp-json\/wp\/v2\/product_cat?post=24284"},{"taxonomy":"product_tag","embeddable":true,"href":"https:\/\/www.agraritaeten-shop.com\/en\/wp-json\/wp\/v2\/product_tag?post=24284"}],"curies":[{"name":"wp","href":"https:\/\/api.w.org\/{rel}","templated":true}]}}