{"id":24309,"date":"2026-01-26T19:20:26","date_gmt":"2026-01-26T18:20:26","guid":{"rendered":"https:\/\/www.agraritaeten-shop.com\/?post_type=product&#038;p=24309"},"modified":"2026-03-09T10:21:43","modified_gmt":"2026-03-09T09:21:43","slug":"john-deere-prospekt-landtechnik-programm","status":"publish","type":"product","link":"https:\/\/www.agraritaeten-shop.com\/en\/shop\/prospekte\/prospekte_john-deere\/john-deere-prospekt-landtechnik-programm\/","title":{"rendered":"JOHN DEERE Prospekt Landtechnik-Programm"},"content":{"rendered":"<h1><strong>original brochure<br \/>\n<\/strong><\/h1>\n<h2>JOHN DEERE Landtechnik-Programm<br \/>\n<span style=\"font-size: 75%;\">Traktoren, M\u00e4hdrescher, Ballenpressen, Teleskoplader, Frontlader, Mulcher, S\u00e4maschinen, H\u00e4cksler<\/span><\/h2>\n<ul>\n<li>approx. 10,5cm x 21cm<\/li>\n<li>28 pages<\/li>\n<li>German<\/li>\n<li>punched<\/li>\n<li>used<\/li>\n<li>very good condition<\/li>\n<li>100% original<\/li>\n<li>Print No.: <em>YY14966D 10\/97 7\/5\/5<\/em><\/li>\n<\/ul>","protected":false},"excerpt":{"rendered":"<p>original Prospekt JOHN DEERE Landtechnik-Programm Traktoren, M\u00e4hdrescher, Ballenpressen, Teleskoplader, Frontlader, Mulcher, S\u00e4maschinen, H\u00e4cksler ca. 10,5cm x 21cm 28 Seiten Deutsch gelocht gebraucht sehr guter Zustand 100% original DruckNr. YY14966D 10\/97 7\/5\/5<\/p>","protected":false},"featured_media":24239,"template":"","meta":[],"product_brand":[],"product_cat":[95,93,45],"product_tag":[414,480,298,197,986,189,898,303,186,870,427,249],"class_list":{"0":"post-24309","1":"product","2":"type-product","3":"status-publish","4":"has-post-thumbnail","6":"product_cat-prospekte_john-deere","7":"product_cat-john-deere","8":"product_cat-prospekte","9":"product_tag-ballenpressen","10":"product_tag-frontlader","11":"product_tag-haecksler","12":"product_tag-john-deere","13":"product_tag-landtechnik","14":"product_tag-maehdrescher","15":"product_tag-mulcher","16":"product_tag-programm","17":"product_tag-prospekt","18":"product_tag-saemaschinen","19":"product_tag-teleskoplader","20":"product_tag-traktoren","22":"first","23":"instock","24":"shipping-taxable","25":"purchasable","26":"product-type-simple"},"_links":{"self":[{"href":"https:\/\/www.agraritaeten-shop.com\/en\/wp-json\/wp\/v2\/product\/24309","targetHints":{"allow":["GET"]}}],"collection":[{"href":"https:\/\/www.agraritaeten-shop.com\/en\/wp-json\/wp\/v2\/product"}],"about":[{"href":"https:\/\/www.agraritaeten-shop.com\/en\/wp-json\/wp\/v2\/types\/product"}],"wp:featuredmedia":[{"embeddable":true,"href":"https:\/\/www.agraritaeten-shop.com\/en\/wp-json\/wp\/v2\/media\/24239"}],"wp:attachment":[{"href":"https:\/\/www.agraritaeten-shop.com\/en\/wp-json\/wp\/v2\/media?parent=24309"}],"wp:term":[{"taxonomy":"product_brand","embeddable":true,"href":"https:\/\/www.agraritaeten-shop.com\/en\/wp-json\/wp\/v2\/product_brand?post=24309"},{"taxonomy":"product_cat","embeddable":true,"href":"https:\/\/www.agraritaeten-shop.com\/en\/wp-json\/wp\/v2\/product_cat?post=24309"},{"taxonomy":"product_tag","embeddable":true,"href":"https:\/\/www.agraritaeten-shop.com\/en\/wp-json\/wp\/v2\/product_tag?post=24309"}],"curies":[{"name":"wp","href":"https:\/\/api.w.org\/{rel}","templated":true}]}}