{"id":24672,"date":"2026-01-31T22:13:39","date_gmt":"2026-01-31T21:13:39","guid":{"rendered":"https:\/\/www.agraritaeten-shop.com\/?post_type=product&#038;p=24672"},"modified":"2026-03-09T10:21:38","modified_gmt":"2026-03-09T09:21:38","slug":"john-deere-prospekt-programm","status":"publish","type":"product","link":"https:\/\/www.agraritaeten-shop.com\/en\/shop\/prospekte\/prospekte_john-deere\/john-deere-prospekt-programm\/","title":{"rendered":"JOHN DEERE Prospekt Programm"},"content":{"rendered":"<h1><strong>original brochure<br \/>\n<\/strong><\/h1>\n<h2>JOHN DEERE Programm<br \/>\n<span style=\"font-size: 75%;\">Traktoren: 840, 1040, 1640, 940, 1140, 2040, 2140, 3140, 940, 1040, 1140M, 4040, 3040, 1140V, 1640F, 1140F, 1640M, 4440, 4240<\/span><br \/>\n<span style=\"font-size: 75%;\">M\u00e4hdrescher: 932, 965, 942, 952, 965H, 955, 975, 985<\/span><br \/>\n<span style=\"font-size: 75%;\">Heumaschinen, Feldh\u00e4cksler<\/span><\/h2>\n<ul>\n<li>A5 landscape format<\/li>\n<li>fold-out to 4 times its original size (A3 format)<\/li>\n<li>German<\/li>\n<li>not punched<\/li>\n<li>used<\/li>\n<li>very good condition<\/li>\n<li>100% original<\/li>\n<li>Print No.: <em>8-80.34605 D<\/em><\/li>\n<\/ul>","protected":false},"excerpt":{"rendered":"<p>original Prospekt JOHN DEERE Programm Traktoren: 840, 1040, 1640, 940, 1140, 2040, 2140, 3140, 940, 1040, 1140M, 4040, 3040, 1140V, 1640F, 1140F, 1640M, 4440, 4240 M\u00e4hdrescher: 932, 965, 942, 952, 965H, 955, 975, 985 Heumaschinen, Feldh\u00e4cksler A5 Querformat ausklappbar zur 4fachen Gr\u00f6\u00dfe (A3 Format) Deutsch nicht gelocht gebraucht sehr guter Zustand 100% original DruckNr. 8-80.34605 [&#8230;]\n","protected":false},"featured_media":24572,"template":"","meta":[],"product_brand":[],"product_cat":[93,95,45],"product_tag":[445,2036,197,189,303,186,249],"class_list":{"0":"post-24672","1":"product","2":"type-product","3":"status-publish","4":"has-post-thumbnail","6":"product_cat-john-deere","7":"product_cat-prospekte_john-deere","8":"product_cat-prospekte","9":"product_tag-feldhaecksler","10":"product_tag-heumaschinen","11":"product_tag-john-deere","12":"product_tag-maehdrescher","13":"product_tag-programm","14":"product_tag-prospekt","15":"product_tag-traktoren","17":"first","18":"instock","19":"shipping-taxable","20":"purchasable","21":"product-type-simple"},"_links":{"self":[{"href":"https:\/\/www.agraritaeten-shop.com\/en\/wp-json\/wp\/v2\/product\/24672","targetHints":{"allow":["GET"]}}],"collection":[{"href":"https:\/\/www.agraritaeten-shop.com\/en\/wp-json\/wp\/v2\/product"}],"about":[{"href":"https:\/\/www.agraritaeten-shop.com\/en\/wp-json\/wp\/v2\/types\/product"}],"wp:featuredmedia":[{"embeddable":true,"href":"https:\/\/www.agraritaeten-shop.com\/en\/wp-json\/wp\/v2\/media\/24572"}],"wp:attachment":[{"href":"https:\/\/www.agraritaeten-shop.com\/en\/wp-json\/wp\/v2\/media?parent=24672"}],"wp:term":[{"taxonomy":"product_brand","embeddable":true,"href":"https:\/\/www.agraritaeten-shop.com\/en\/wp-json\/wp\/v2\/product_brand?post=24672"},{"taxonomy":"product_cat","embeddable":true,"href":"https:\/\/www.agraritaeten-shop.com\/en\/wp-json\/wp\/v2\/product_cat?post=24672"},{"taxonomy":"product_tag","embeddable":true,"href":"https:\/\/www.agraritaeten-shop.com\/en\/wp-json\/wp\/v2\/product_tag?post=24672"}],"curies":[{"name":"wp","href":"https:\/\/api.w.org\/{rel}","templated":true}]}}