{"id":24682,"date":"2026-02-02T21:56:48","date_gmt":"2026-02-02T20:56:48","guid":{"rendered":"https:\/\/www.agraritaeten-shop.com\/?post_type=product&#038;p=24682"},"modified":"2026-03-09T10:20:55","modified_gmt":"2026-03-09T09:20:55","slug":"john-deere-prospekt-gesamtprogramm-landmaschinen-2006","status":"publish","type":"product","link":"https:\/\/www.agraritaeten-shop.com\/en\/shop\/prospekte\/prospekte_john-deere\/john-deere-prospekt-gesamtprogramm-landmaschinen-2006\/","title":{"rendered":"JOHN DEERE Prospekt Gesamtprogramm Landmaschinen 2006"},"content":{"rendered":"<h1><strong>original brochure<br \/>\n<\/strong><\/h1>\n<h2>JOHN DEERE Gesamtprogramm Landmaschinen 2006<br \/>\n<span style=\"font-size: 75%;\">Traktoren: 5015, 5020, 6020, 7020, 8030, 9020<\/span><br \/>\n<span style=\"font-size: 75%;\">M\u00e4hdrescher: 1450\/1550 SII, 9000i WTS, 9780i CTS, 9880i STS<\/span><br \/>\n<span style=\"font-size: 75%;\">Feldh\u00e4cksler 7000, AutoTrac, HarvestSmart, M\u00e4haufbereiter, Pressen, S\u00e4maschinen<br \/>\nPflanzenschutztechnik, Teleskoplader, GreenStar<\/span><\/h2>\n<ul>\n<li>A4 format<\/li>\n<li>40 pages<\/li>\n<li>German<\/li>\n<li>not punched<\/li>\n<li>used<\/li>\n<li>very good condition<\/li>\n<li>100% original<\/li>\n<li>Print No.: <em>YY0514924D<\/em><\/li>\n<\/ul>","protected":false},"excerpt":{"rendered":"<p>original Prospekt JOHN DEERE Gesamtprogramm Landmaschinen 2006 Traktoren: 5015, 5020, 6020, 7020, 8030, 9020 M\u00e4hdrescher: 1450\/1550 SII, 9000i WTS, 9780i CTS, 9880i STS Feldh\u00e4cksler 7000, AutoTrac, HarvestSmart, M\u00e4haufbereiter, Pressen, S\u00e4maschinen Pflanzenschutztechnik, Teleskoplader, GreenStar A4 Format 40 Seiten Deutsch nicht gelocht gebraucht sehr guter Zustand 100% original DruckNr. YY0514924D<\/p>","protected":false},"featured_media":24601,"template":"","meta":[],"product_brand":[],"product_cat":[95,93,45],"product_tag":[445,3435,189,248,303,186,3436,427,188],"class_list":{"0":"post-24682","1":"product","2":"type-product","3":"status-publish","4":"has-post-thumbnail","6":"product_cat-prospekte_john-deere","7":"product_cat-john-deere","8":"product_cat-prospekte","9":"product_tag-feldhaecksler","10":"product_tag-maehaufbereiter","11":"product_tag-maehdrescher","12":"product_tag-pressen","13":"product_tag-programm","14":"product_tag-prospekt","15":"product_tag-saemaschinen-pflanzenschutztechnik","16":"product_tag-teleskoplader","17":"product_tag-traktor","19":"first","20":"instock","21":"shipping-taxable","22":"purchasable","23":"product-type-simple"},"_links":{"self":[{"href":"https:\/\/www.agraritaeten-shop.com\/en\/wp-json\/wp\/v2\/product\/24682","targetHints":{"allow":["GET"]}}],"collection":[{"href":"https:\/\/www.agraritaeten-shop.com\/en\/wp-json\/wp\/v2\/product"}],"about":[{"href":"https:\/\/www.agraritaeten-shop.com\/en\/wp-json\/wp\/v2\/types\/product"}],"wp:featuredmedia":[{"embeddable":true,"href":"https:\/\/www.agraritaeten-shop.com\/en\/wp-json\/wp\/v2\/media\/24601"}],"wp:attachment":[{"href":"https:\/\/www.agraritaeten-shop.com\/en\/wp-json\/wp\/v2\/media?parent=24682"}],"wp:term":[{"taxonomy":"product_brand","embeddable":true,"href":"https:\/\/www.agraritaeten-shop.com\/en\/wp-json\/wp\/v2\/product_brand?post=24682"},{"taxonomy":"product_cat","embeddable":true,"href":"https:\/\/www.agraritaeten-shop.com\/en\/wp-json\/wp\/v2\/product_cat?post=24682"},{"taxonomy":"product_tag","embeddable":true,"href":"https:\/\/www.agraritaeten-shop.com\/en\/wp-json\/wp\/v2\/product_tag?post=24682"}],"curies":[{"name":"wp","href":"https:\/\/api.w.org\/{rel}","templated":true}]}}