{"id":24710,"date":"2026-03-07T22:10:13","date_gmt":"2026-03-07T21:10:13","guid":{"rendered":"https:\/\/www.agraritaeten-shop.com\/?post_type=product&#038;p=24710"},"modified":"2026-02-07T22:15:49","modified_gmt":"2026-02-07T21:15:49","slug":"marchfelder-landmaschinen-prospekt-universal-anhaenge-pflug-fuer-steyr-traktor","status":"publish","type":"product","link":"https:\/\/www.agraritaeten-shop.com\/en\/shop\/prospekte\/sonstige-prospekte\/marchfelder-landmaschinen-prospekt-universal-anhaenge-pflug-fuer-steyr-traktor\/","title":{"rendered":"MARCHFELDER LANDMASCHINEN Prospekt Universal-Anh\u00e4nge-Pflug f\u00fcr STEYR Traktor"},"content":{"rendered":"<h1><strong>original brochure<br \/>\n<\/strong><\/h1>\n<h2>MARCHFELDER LANDMASCHINEN- und GER\u00c4TE-ERZEUGUNG<br \/>\n<span style=\"font-size: 75%;\">Ober-Siebenbrunn, \u00d6sterreich<\/span><br \/>\nUniversal-Anh\u00e4nge-Pflug f\u00fcr den STEYR Traktor<\/h2>\n<ul>\n<li>A4 format<\/li>\n<li>1 sheet, printed on both sides<\/li>\n<li>German<\/li>\n<li>2x folded in the middle<\/li>\n<li>punched<\/li>\n<li>used<\/li>\n<li>Risse an der Kante<\/li>\n<li>100% original<\/li>\n<\/ul>","protected":false},"excerpt":{"rendered":"<p>original Prospekt MARCHFELDER LANDMASCHINEN- und GER\u00c4TE-ERZEUGUNG Ober-Siebenbrunn, \u00d6sterreich Universal-Anh\u00e4nge-Pflug f\u00fcr den STEYR Traktor A4 Format 1 Blatt, beidseitig bedruckt Deutsch 2x mittig geknickt gelocht gebraucht Risse an der Kante 100% original<\/p>","protected":false},"featured_media":24604,"template":"","meta":[],"product_brand":[],"product_cat":[45,123,132],"product_tag":[3450,213,186,306],"class_list":{"0":"post-24710","1":"product","2":"type-product","3":"status-publish","4":"has-post-thumbnail","6":"product_cat-prospekte","7":"product_cat-sonstige","8":"product_cat-sonstige-prospekte","9":"product_tag-marchfelder","10":"product_tag-pflug","11":"product_tag-prospekt","12":"product_tag-steyr","14":"first","15":"instock","16":"shipping-taxable","17":"purchasable","18":"product-type-simple"},"_links":{"self":[{"href":"https:\/\/www.agraritaeten-shop.com\/en\/wp-json\/wp\/v2\/product\/24710","targetHints":{"allow":["GET"]}}],"collection":[{"href":"https:\/\/www.agraritaeten-shop.com\/en\/wp-json\/wp\/v2\/product"}],"about":[{"href":"https:\/\/www.agraritaeten-shop.com\/en\/wp-json\/wp\/v2\/types\/product"}],"wp:featuredmedia":[{"embeddable":true,"href":"https:\/\/www.agraritaeten-shop.com\/en\/wp-json\/wp\/v2\/media\/24604"}],"wp:attachment":[{"href":"https:\/\/www.agraritaeten-shop.com\/en\/wp-json\/wp\/v2\/media?parent=24710"}],"wp:term":[{"taxonomy":"product_brand","embeddable":true,"href":"https:\/\/www.agraritaeten-shop.com\/en\/wp-json\/wp\/v2\/product_brand?post=24710"},{"taxonomy":"product_cat","embeddable":true,"href":"https:\/\/www.agraritaeten-shop.com\/en\/wp-json\/wp\/v2\/product_cat?post=24710"},{"taxonomy":"product_tag","embeddable":true,"href":"https:\/\/www.agraritaeten-shop.com\/en\/wp-json\/wp\/v2\/product_tag?post=24710"}],"curies":[{"name":"wp","href":"https:\/\/api.w.org\/{rel}","templated":true}]}}