{"id":24714,"date":"2026-02-08T03:39:11","date_gmt":"2026-02-08T02:39:11","guid":{"rendered":"https:\/\/www.agraritaeten-shop.com\/?post_type=product&#038;p=24714"},"modified":"2026-02-08T03:46:34","modified_gmt":"2026-02-08T02:46:34","slug":"jf-prospekt-vertriebs-programm","status":"publish","type":"product","link":"https:\/\/www.agraritaeten-shop.com\/en\/shop\/prospekte\/prospekte_jf-p\/jf-prospekt-vertriebs-programm\/","title":{"rendered":"-JF- Prospekt Vertriebs-Programm"},"content":{"rendered":"<h1><strong>original brochure<br \/>\n<\/strong><\/h1>\n<h2>-JF- Vertriebs-Programm<br \/>\n<span style=\"font-size: 75%;\">M\u00e4hdrescher, M\u00e4her, Schwader, Wender, H\u00e4cksler, Futterwagen, Heuwagen, Strohschneider, Stalldungstreuer, Saatbeet-Kombinationen, usw.<\/span><br \/>\n<span style=\"font-size: 75%;\">J. Freudendahl A\/S, D\u00e4nemark\u00a0<\/span><\/h2>\n<ul>\n<li>A4 format<\/li>\n<li>8 pages, folds out lengthwise<\/li>\n<li>German<\/li>\n<li>not punched<\/li>\n<li>used<\/li>\n<li>very good condition<\/li>\n<li>100% original<\/li>\n<\/ul>","protected":false},"excerpt":{"rendered":"<p>original Prospekt -JF- Vertriebs-Programm M\u00e4hdrescher, M\u00e4her, Schwader, Wender, H\u00e4cksler, Futterwagen, Heuwagen, Strohschneider, Stalldungstreuer, Saatbeet-Kombinationen, usw. J. Freudendahl A\/S, D\u00e4nemark\u00a0 A4 Format 8 Seiten, der L\u00e4nge nach ausklappbar Deutsch nicht gelocht gebraucht sehr guter Zustand 100% original<\/p>","protected":false},"featured_media":24619,"template":"","meta":[],"product_brand":[],"product_cat":[857,858,45],"product_tag":[218,291,186],"class_list":{"0":"post-24714","1":"product","2":"type-product","3":"status-publish","4":"has-post-thumbnail","6":"product_cat-jf","7":"product_cat-prospekte_jf-p","8":"product_cat-prospekte","9":"product_tag-jf","10":"product_tag-maishaecksler","11":"product_tag-prospekt","13":"first","14":"instock","15":"shipping-taxable","16":"purchasable","17":"product-type-simple"},"_links":{"self":[{"href":"https:\/\/www.agraritaeten-shop.com\/en\/wp-json\/wp\/v2\/product\/24714","targetHints":{"allow":["GET"]}}],"collection":[{"href":"https:\/\/www.agraritaeten-shop.com\/en\/wp-json\/wp\/v2\/product"}],"about":[{"href":"https:\/\/www.agraritaeten-shop.com\/en\/wp-json\/wp\/v2\/types\/product"}],"wp:featuredmedia":[{"embeddable":true,"href":"https:\/\/www.agraritaeten-shop.com\/en\/wp-json\/wp\/v2\/media\/24619"}],"wp:attachment":[{"href":"https:\/\/www.agraritaeten-shop.com\/en\/wp-json\/wp\/v2\/media?parent=24714"}],"wp:term":[{"taxonomy":"product_brand","embeddable":true,"href":"https:\/\/www.agraritaeten-shop.com\/en\/wp-json\/wp\/v2\/product_brand?post=24714"},{"taxonomy":"product_cat","embeddable":true,"href":"https:\/\/www.agraritaeten-shop.com\/en\/wp-json\/wp\/v2\/product_cat?post=24714"},{"taxonomy":"product_tag","embeddable":true,"href":"https:\/\/www.agraritaeten-shop.com\/en\/wp-json\/wp\/v2\/product_tag?post=24714"}],"curies":[{"name":"wp","href":"https:\/\/api.w.org\/{rel}","templated":true}]}}