{"id":24797,"date":"2026-02-08T14:32:37","date_gmt":"2026-02-08T13:32:37","guid":{"rendered":"https:\/\/www.agraritaeten-shop.com\/?post_type=product&#038;p=24797"},"modified":"2026-02-08T14:38:51","modified_gmt":"2026-02-08T13:38:51","slug":"bergmann-prospekt-stalldungstreuer-ladewagen-usw","status":"publish","type":"product","link":"https:\/\/www.agraritaeten-shop.com\/en\/shop\/prospekte\/sonstige-prospekte\/bergmann-prospekt-stalldungstreuer-ladewagen-usw\/","title":{"rendered":"BERGMANN Prospekt Stalldungstreuer, Ladewagen usw."},"content":{"rendered":"<h1><strong>original brochure<br \/>\n<\/strong><\/h1>\n<h2>BERGMANN<br \/>\n<span style=\"font-size: 75%;\">Stalldungstreuer, Universalstreuer, Lade- und Silierwagen, Multiwagen, H\u00e4ckseltransportwagen<br \/>\nVARIO-Wechselsysteme, Getreide- \u00dcberladewagen, Futterverteilwagen,<br \/>\nDosiereinrichtungen f\u00fcr Biogas- und Kompostanlagen, Selbstfahrer mit Aufbau<\/span><\/h2>\n<ul>\n<li>10cm x 21cm<\/li>\n<li>Fold-out brochure with 6 pages<\/li>\n<li>German<\/li>\n<li>not punched<\/li>\n<li>used<\/li>\n<li>very good condition<\/li>\n<li>100% original<\/li>\n<\/ul>","protected":false},"excerpt":{"rendered":"<p>original Prospekt BERGMANN Stalldungstreuer, Universalstreuer, Lade- und Silierwagen, Multiwagen, H\u00e4ckseltransportwagen VARIO-Wechselsysteme, Getreide- \u00dcberladewagen, Futterverteilwagen, Dosiereinrichtungen f\u00fcr Biogas- und Kompostanlagen, Selbstfahrer mit Aufbau 10cm x 21cm 6 Seiten ausklappbar Deutsch nicht gelocht gebraucht sehr guter Zustand 100% original<\/p>","protected":false},"featured_media":24721,"template":"","meta":[],"product_brand":[],"product_cat":[45,123,132],"product_tag":[3455,3457,3456,307,186,762,216],"class_list":{"0":"post-24797","1":"product","2":"type-product","3":"status-publish","4":"has-post-thumbnail","6":"product_cat-prospekte","7":"product_cat-sonstige","8":"product_cat-sonstige-prospekte","9":"product_tag-bergmann","10":"product_tag-futterverteilwagen","11":"product_tag-haeckseltransportwagen","12":"product_tag-ladewagen","13":"product_tag-prospekt","14":"product_tag-silierwagen","15":"product_tag-stalldungstreuer","17":"first","18":"instock","19":"shipping-taxable","20":"purchasable","21":"product-type-simple"},"_links":{"self":[{"href":"https:\/\/www.agraritaeten-shop.com\/en\/wp-json\/wp\/v2\/product\/24797","targetHints":{"allow":["GET"]}}],"collection":[{"href":"https:\/\/www.agraritaeten-shop.com\/en\/wp-json\/wp\/v2\/product"}],"about":[{"href":"https:\/\/www.agraritaeten-shop.com\/en\/wp-json\/wp\/v2\/types\/product"}],"wp:featuredmedia":[{"embeddable":true,"href":"https:\/\/www.agraritaeten-shop.com\/en\/wp-json\/wp\/v2\/media\/24721"}],"wp:attachment":[{"href":"https:\/\/www.agraritaeten-shop.com\/en\/wp-json\/wp\/v2\/media?parent=24797"}],"wp:term":[{"taxonomy":"product_brand","embeddable":true,"href":"https:\/\/www.agraritaeten-shop.com\/en\/wp-json\/wp\/v2\/product_brand?post=24797"},{"taxonomy":"product_cat","embeddable":true,"href":"https:\/\/www.agraritaeten-shop.com\/en\/wp-json\/wp\/v2\/product_cat?post=24797"},{"taxonomy":"product_tag","embeddable":true,"href":"https:\/\/www.agraritaeten-shop.com\/en\/wp-json\/wp\/v2\/product_tag?post=24797"}],"curies":[{"name":"wp","href":"https:\/\/api.w.org\/{rel}","templated":true}]}}