{"id":24817,"date":"2026-02-09T19:23:32","date_gmt":"2026-02-09T18:23:32","guid":{"rendered":"https:\/\/www.agraritaeten-shop.com\/?post_type=product&#038;p=24817"},"modified":"2026-02-09T19:27:14","modified_gmt":"2026-02-09T18:27:14","slug":"merz-simplex-prospekt-schleifmaschinen-1000","status":"publish","type":"product","link":"https:\/\/www.agraritaeten-shop.com\/en\/shop\/prospekte\/sonstige-prospekte\/merz-simplex-prospekt-schleifmaschinen-1000\/","title":{"rendered":"MERZ-SIMPLEX Prospekt Schleifmaschinen 1000"},"content":{"rendered":"<h1><strong>original brochure<br \/>\n<\/strong><\/h1>\n<h2>MERZ-SIMPLEX<br \/>\nSchleifmaschinen 1000<\/h2>\n<ul>\n<li>A4 format<\/li>\n<li>1 sheet, printed on both sides<\/li>\n<li>German, English on the back page, Italian, French<\/li>\n<li>not punched<\/li>\n<li>used<\/li>\n<li>small holes from stapling, otherwise in very good condition<\/li>\n<li>100% original<\/li>\n<\/ul>","protected":false},"excerpt":{"rendered":"<p>original Prospekt MERZ-SIMPLEX Schleifmaschinen 1000 A4 Format 1 Blatt, beidseitig bedruckt Deutsch, r\u00fcckseitig Englisch, Franz\u00f6sisch und Italienisch nicht gelocht gebraucht kleine L\u00f6cher einer Klammerung, ansonsten sehr guter Zustand 100% original<\/p>","protected":false},"featured_media":24747,"template":"","meta":[],"product_brand":[],"product_cat":[45,123,132],"product_tag":[186,1788,361],"class_list":{"0":"post-24817","1":"product","2":"type-product","3":"status-publish","4":"has-post-thumbnail","6":"product_cat-prospekte","7":"product_cat-sonstige","8":"product_cat-sonstige-prospekte","9":"product_tag-prospekt","10":"product_tag-schleifmaschinen","11":"product_tag-simplex","13":"first","14":"instock","15":"shipping-taxable","16":"purchasable","17":"product-type-simple"},"_links":{"self":[{"href":"https:\/\/www.agraritaeten-shop.com\/en\/wp-json\/wp\/v2\/product\/24817","targetHints":{"allow":["GET"]}}],"collection":[{"href":"https:\/\/www.agraritaeten-shop.com\/en\/wp-json\/wp\/v2\/product"}],"about":[{"href":"https:\/\/www.agraritaeten-shop.com\/en\/wp-json\/wp\/v2\/types\/product"}],"wp:featuredmedia":[{"embeddable":true,"href":"https:\/\/www.agraritaeten-shop.com\/en\/wp-json\/wp\/v2\/media\/24747"}],"wp:attachment":[{"href":"https:\/\/www.agraritaeten-shop.com\/en\/wp-json\/wp\/v2\/media?parent=24817"}],"wp:term":[{"taxonomy":"product_brand","embeddable":true,"href":"https:\/\/www.agraritaeten-shop.com\/en\/wp-json\/wp\/v2\/product_brand?post=24817"},{"taxonomy":"product_cat","embeddable":true,"href":"https:\/\/www.agraritaeten-shop.com\/en\/wp-json\/wp\/v2\/product_cat?post=24817"},{"taxonomy":"product_tag","embeddable":true,"href":"https:\/\/www.agraritaeten-shop.com\/en\/wp-json\/wp\/v2\/product_tag?post=24817"}],"curies":[{"name":"wp","href":"https:\/\/api.w.org\/{rel}","templated":true}]}}