{"id":24822,"date":"2026-02-09T19:50:03","date_gmt":"2026-02-09T18:50:03","guid":{"rendered":"https:\/\/www.agraritaeten-shop.com\/?post_type=product&#038;p=24822"},"modified":"2026-02-09T19:58:58","modified_gmt":"2026-02-09T18:58:58","slug":"kmf-prospekt-mehrfachgeraet-unvollstaendig","status":"publish","type":"product","link":"https:\/\/www.agraritaeten-shop.com\/en\/shop\/sonstige\/kmf-prospekt-mehrfachgeraet-unvollstaendig\/","title":{"rendered":"KMF Prospekt Mehrfachger\u00e4t (INCOMPLETE!)"},"content":{"rendered":"<h1><span style=\"font-size: 100%;\"><strong>original brochure<\/strong><\/span><\/h1>\n<h1>K\u00e4rntner Maschinenfabriken<br \/>\nMehrfachger\u00e4t \u201eMultiplex\u201c (INCOMPLETE!)<\/h1>\n<ul>\n<li><span style=\"color: #000000;\">urspr\u00fcnglich A4 Format<\/span><\/li>\n<li><span style=\"color: #000000;\">1 sheet, printed on both sides<\/span><\/li>\n<li>German<\/li>\n<li><span style=\"color: #000000;\">not punched<\/span><\/li>\n<li><span style=\"color: #000000;\">used<\/span><\/li>\n<li><strong>INCOMPLETE: the bottom part has been removed<\/strong><\/li>\n<li>100% original<\/li>\n<\/ul>","protected":false},"excerpt":{"rendered":"<p>original Prospekt K\u00e4rntner Maschinenfabriken Mehrfachger\u00e4t &#8222;Multiplex&#8220; (UNVOLLST\u00c4NDIG!) urspr\u00fcnglich A4 Format 1 Blatt, beidseitig bedruckt Deutsch nicht gelocht gebraucht UNVOLLST\u00c4NDIG: der untere Abschnitt wurde abgetrennt! 100% original<\/p>","protected":false},"featured_media":24725,"template":"","meta":[],"product_brand":[],"product_cat":[123,45,132],"product_tag":[1041,2146,186],"class_list":{"0":"post-24822","1":"product","2":"type-product","3":"status-publish","4":"has-post-thumbnail","6":"product_cat-sonstige","7":"product_cat-prospekte","8":"product_cat-sonstige-prospekte","9":"product_tag-kmf","10":"product_tag-mehrfachgeraet","11":"product_tag-prospekt","13":"first","14":"instock","15":"shipping-taxable","16":"purchasable","17":"product-type-simple"},"_links":{"self":[{"href":"https:\/\/www.agraritaeten-shop.com\/en\/wp-json\/wp\/v2\/product\/24822","targetHints":{"allow":["GET"]}}],"collection":[{"href":"https:\/\/www.agraritaeten-shop.com\/en\/wp-json\/wp\/v2\/product"}],"about":[{"href":"https:\/\/www.agraritaeten-shop.com\/en\/wp-json\/wp\/v2\/types\/product"}],"wp:featuredmedia":[{"embeddable":true,"href":"https:\/\/www.agraritaeten-shop.com\/en\/wp-json\/wp\/v2\/media\/24725"}],"wp:attachment":[{"href":"https:\/\/www.agraritaeten-shop.com\/en\/wp-json\/wp\/v2\/media?parent=24822"}],"wp:term":[{"taxonomy":"product_brand","embeddable":true,"href":"https:\/\/www.agraritaeten-shop.com\/en\/wp-json\/wp\/v2\/product_brand?post=24822"},{"taxonomy":"product_cat","embeddable":true,"href":"https:\/\/www.agraritaeten-shop.com\/en\/wp-json\/wp\/v2\/product_cat?post=24822"},{"taxonomy":"product_tag","embeddable":true,"href":"https:\/\/www.agraritaeten-shop.com\/en\/wp-json\/wp\/v2\/product_tag?post=24822"}],"curies":[{"name":"wp","href":"https:\/\/api.w.org\/{rel}","templated":true}]}}