{"id":24823,"date":"2026-04-08T19:59:25","date_gmt":"2026-04-08T17:59:25","guid":{"rendered":"https:\/\/www.agraritaeten-shop.com\/?post_type=product&#038;p=24823"},"modified":"2026-03-09T13:07:36","modified_gmt":"2026-03-09T12:07:36","slug":"kmf-prospekt-mehrfachgeraet-2","status":"publish","type":"product","link":"https:\/\/www.agraritaeten-shop.com\/en\/shop\/prospekte\/sonstige-prospekte\/kmf-prospekt-mehrfachgeraet-2\/","title":{"rendered":"KMF Prospekt Mehrfachger\u00e4t"},"content":{"rendered":"<h1><span style=\"font-size: 100%;\"><strong>original brochure<\/strong><\/span><\/h1>\n<h1>K\u00e4rntner Maschinenfabriken<br \/>\nMehrfachger\u00e4t &#8222;Multiplex&#8220;<\/h1>\n<ul>\n<li><span style=\"color: #000000;\">A4 format<\/span><\/li>\n<li><span style=\"color: #000000;\">1 sheet, printed on both sides<\/span><\/li>\n<li>German<\/li>\n<li><span style=\"color: #000000;\">punched<\/span><\/li>\n<li><span style=\"color: #000000;\">used<\/span><\/li>\n<li>untere Kante besch\u00e4digt<\/li>\n<li><span style=\"color: #000000;\">100% original<\/span><\/li>\n<li>DruckNr. 1598-48<\/li>\n<\/ul>","protected":false},"excerpt":{"rendered":"<p>original Prospekt K\u00e4rntner Maschinenfabriken Mehrfachger\u00e4t &#8222;Multiplex&#8220; A4 Format 1 Blatt, beidseitig bedruckt Deutsch gelocht gebraucht untere Kante besch\u00e4digt 100% original DruckNr. 1598-48<\/p>","protected":false},"featured_media":25389,"template":"","meta":[],"product_brand":[],"product_cat":[45,132,123],"product_tag":[1041,2146,186],"class_list":{"0":"post-24823","1":"product","2":"type-product","3":"status-publish","4":"has-post-thumbnail","6":"product_cat-prospekte","7":"product_cat-sonstige-prospekte","8":"product_cat-sonstige","9":"product_tag-kmf","10":"product_tag-mehrfachgeraet","11":"product_tag-prospekt","13":"first","14":"instock","15":"shipping-taxable","16":"purchasable","17":"product-type-simple"},"_links":{"self":[{"href":"https:\/\/www.agraritaeten-shop.com\/en\/wp-json\/wp\/v2\/product\/24823","targetHints":{"allow":["GET"]}}],"collection":[{"href":"https:\/\/www.agraritaeten-shop.com\/en\/wp-json\/wp\/v2\/product"}],"about":[{"href":"https:\/\/www.agraritaeten-shop.com\/en\/wp-json\/wp\/v2\/types\/product"}],"wp:featuredmedia":[{"embeddable":true,"href":"https:\/\/www.agraritaeten-shop.com\/en\/wp-json\/wp\/v2\/media\/25389"}],"wp:attachment":[{"href":"https:\/\/www.agraritaeten-shop.com\/en\/wp-json\/wp\/v2\/media?parent=24823"}],"wp:term":[{"taxonomy":"product_brand","embeddable":true,"href":"https:\/\/www.agraritaeten-shop.com\/en\/wp-json\/wp\/v2\/product_brand?post=24823"},{"taxonomy":"product_cat","embeddable":true,"href":"https:\/\/www.agraritaeten-shop.com\/en\/wp-json\/wp\/v2\/product_cat?post=24823"},{"taxonomy":"product_tag","embeddable":true,"href":"https:\/\/www.agraritaeten-shop.com\/en\/wp-json\/wp\/v2\/product_tag?post=24823"}],"curies":[{"name":"wp","href":"https:\/\/api.w.org\/{rel}","templated":true}]}}