{"id":24844,"date":"2026-02-12T12:11:51","date_gmt":"2026-02-12T11:11:51","guid":{"rendered":"https:\/\/www.agraritaeten-shop.com\/?post_type=product&#038;p=24844"},"modified":"2026-02-25T18:00:35","modified_gmt":"2026-02-25T17:00:35","slug":"wsw-winkelstraeter-prospekt-spritzgeraete","status":"publish","type":"product","link":"https:\/\/www.agraritaeten-shop.com\/en\/shop\/prospekte\/sonstige-prospekte\/wsw-winkelstraeter-prospekt-spritzgeraete\/","title":{"rendered":"WSW WINKELSTR\u00c4TER Prospekt Spritzger\u00e4te"},"content":{"rendered":"<h1><strong>original brochure<br \/>\n<\/strong><\/h1>\n<h2>WSW Gebr. WINKELSTR\u00c4TER<br \/>\nSpritzger\u00e4te gegen Sch\u00e4dlinge im Obst- und Weinbau<\/h2>\n<ul>\n<li>A4 format<\/li>\n<li>1 sheet, printed on both sides<\/li>\n<li>German<\/li>\n<li>punched<\/li>\n<li>used<\/li>\n<li>very good condition<\/li>\n<li>100% original<\/li>\n<li>Print No.: <em>P 3000, 10 000 -49., Permit-Nr. .1\/7D3\/329. 4513. 10 000. 5. 49.<\/em><\/li>\n<\/ul>","protected":false},"excerpt":{"rendered":"<p>original Prospekt WSW Gebr. WINKELSTR\u00c4TER Spritzger\u00e4te gegen Sch\u00e4dlinge im Obst- und Weinbau A4 Format 1 Blatt, beidseitig bedruckt Deutsch gelocht gebraucht sehr guter Zustand 100% original DruckNr. P 3000, 10 000 -49., Permit-Nr. .1\/7D3\/329. 4513. 10 000. 5. 49.<\/p>","protected":false},"featured_media":24751,"template":"","meta":[],"product_brand":[],"product_cat":[45,123,132],"product_tag":[186,1020,664,3248,3247],"class_list":{"0":"post-24844","1":"product","2":"type-product","3":"status-publish","4":"has-post-thumbnail","6":"product_cat-prospekte","7":"product_cat-sonstige","8":"product_cat-sonstige-prospekte","9":"product_tag-prospekt","10":"product_tag-spritzen","11":"product_tag-weinbau","12":"product_tag-winkelstraeter","13":"product_tag-wsw","15":"first","16":"instock","17":"shipping-taxable","18":"purchasable","19":"product-type-simple"},"_links":{"self":[{"href":"https:\/\/www.agraritaeten-shop.com\/en\/wp-json\/wp\/v2\/product\/24844","targetHints":{"allow":["GET"]}}],"collection":[{"href":"https:\/\/www.agraritaeten-shop.com\/en\/wp-json\/wp\/v2\/product"}],"about":[{"href":"https:\/\/www.agraritaeten-shop.com\/en\/wp-json\/wp\/v2\/types\/product"}],"wp:featuredmedia":[{"embeddable":true,"href":"https:\/\/www.agraritaeten-shop.com\/en\/wp-json\/wp\/v2\/media\/24751"}],"wp:attachment":[{"href":"https:\/\/www.agraritaeten-shop.com\/en\/wp-json\/wp\/v2\/media?parent=24844"}],"wp:term":[{"taxonomy":"product_brand","embeddable":true,"href":"https:\/\/www.agraritaeten-shop.com\/en\/wp-json\/wp\/v2\/product_brand?post=24844"},{"taxonomy":"product_cat","embeddable":true,"href":"https:\/\/www.agraritaeten-shop.com\/en\/wp-json\/wp\/v2\/product_cat?post=24844"},{"taxonomy":"product_tag","embeddable":true,"href":"https:\/\/www.agraritaeten-shop.com\/en\/wp-json\/wp\/v2\/product_tag?post=24844"}],"curies":[{"name":"wp","href":"https:\/\/api.w.org\/{rel}","templated":true}]}}