{"id":25020,"date":"2026-02-23T21:02:59","date_gmt":"2026-02-23T20:02:59","guid":{"rendered":"https:\/\/www.agraritaeten-shop.com\/?post_type=product&#038;p=25020"},"modified":"2026-02-27T08:16:39","modified_gmt":"2026-02-27T07:16:39","slug":"eisele-prospekt-zapfwellen-ruehrwerk-fuer-guelle-hochbehaelter","status":"publish","type":"product","link":"https:\/\/www.agraritaeten-shop.com\/en\/shop\/prospekte\/sonstige-prospekte\/eisele-prospekt-zapfwellen-ruehrwerk-fuer-guelle-hochbehaelter\/","title":{"rendered":"EISELE Prospekt Zapfwellen-R\u00fchrwerk f\u00fcr G\u00fclle-Hochbeh\u00e4lter"},"content":{"rendered":"<h1><strong>original brochure<br \/>\n<\/strong><\/h1>\n<h2>Franz EISELE<br \/>\nZapfwellen-R\u00fchrwerk f\u00fcr G\u00fclle-Hochbeh\u00e4lter<\/h2>\n<ul>\n<li>A4 format<\/li>\n<li>1 sheet, printed on both sides<\/li>\n<li>German<\/li>\n<li>not punched<\/li>\n<li>used<\/li>\n<li>very good condition<\/li>\n<li>100% original<\/li>\n<li>Print No.: <em>JGM 3.83 3000, F 00313\/a<\/em><\/li>\n<\/ul>","protected":false},"excerpt":{"rendered":"<p>original Prospekt Franz EISELE Zapfwellen-R\u00fchrwerk f\u00fcr G\u00fclle-Hochbeh\u00e4lter A4 Format 1 Blatt, beidseitig bedruckt Deutsch nicht gelocht gebraucht sehr guter Zustand 100% original DruckNr. JGM 3.83 3000, F 00313\/a<\/p>","protected":false},"featured_media":25010,"template":"","meta":[],"product_brand":[],"product_cat":[45,123,132],"product_tag":[2230,1517,186,3107,3104],"class_list":{"0":"post-25020","1":"product","2":"type-product","3":"status-publish","4":"has-post-thumbnail","6":"product_cat-prospekte","7":"product_cat-sonstige","8":"product_cat-sonstige-prospekte","9":"product_tag-eisele","10":"product_tag-guelle","11":"product_tag-prospekt","12":"product_tag-ruehrwerk","13":"product_tag-zapfwellen","15":"first","16":"outofstock","17":"shipping-taxable","18":"purchasable","19":"product-type-simple"},"_links":{"self":[{"href":"https:\/\/www.agraritaeten-shop.com\/en\/wp-json\/wp\/v2\/product\/25020","targetHints":{"allow":["GET"]}}],"collection":[{"href":"https:\/\/www.agraritaeten-shop.com\/en\/wp-json\/wp\/v2\/product"}],"about":[{"href":"https:\/\/www.agraritaeten-shop.com\/en\/wp-json\/wp\/v2\/types\/product"}],"wp:featuredmedia":[{"embeddable":true,"href":"https:\/\/www.agraritaeten-shop.com\/en\/wp-json\/wp\/v2\/media\/25010"}],"wp:attachment":[{"href":"https:\/\/www.agraritaeten-shop.com\/en\/wp-json\/wp\/v2\/media?parent=25020"}],"wp:term":[{"taxonomy":"product_brand","embeddable":true,"href":"https:\/\/www.agraritaeten-shop.com\/en\/wp-json\/wp\/v2\/product_brand?post=25020"},{"taxonomy":"product_cat","embeddable":true,"href":"https:\/\/www.agraritaeten-shop.com\/en\/wp-json\/wp\/v2\/product_cat?post=25020"},{"taxonomy":"product_tag","embeddable":true,"href":"https:\/\/www.agraritaeten-shop.com\/en\/wp-json\/wp\/v2\/product_tag?post=25020"}],"curies":[{"name":"wp","href":"https:\/\/api.w.org\/{rel}","templated":true}]}}