{"id":2509,"date":"2025-08-17T20:50:05","date_gmt":"2025-08-17T18:50:05","guid":{"rendered":"https:\/\/www.agraritaeten-shop.com\/?post_type=product&#038;p=2509"},"modified":"2026-02-28T20:26:29","modified_gmt":"2026-02-28T19:26:29","slug":"fahr-prospekt-europa-reihe","status":"publish","type":"product","link":"https:\/\/www.agraritaeten-shop.com\/en\/shop\/prospekte\/deutz-fahr-prospekte\/fahr-prospekt-europa-reihe\/","title":{"rendered":"FAHR Prospekt Europa Reihe"},"content":{"rendered":"<h1><span style=\"font-size: 100%;\"><strong>original brochure<\/strong><\/span><\/h1>\n<h1><span style=\"font-family: Arial; font-size: 100%;\"><b>FAHR<br \/>\n<\/b><\/span><span style=\"font-family: MarketSans, Helvetica, Arial, sans-serif; font-size: 100%;\">Europa Reihe &#8211; Sortiments\u00fcbersicht<\/span><\/h1>\n<ul>\n<li>approx. 19cm x 21cm<\/li>\n<li>fold-out lengthwise to 7 times its original size<\/li>\n<li>German<\/li>\n<li>punched<\/li>\n<li>used<\/li>\n<li>slightly worn for its age<\/li>\n<li>100% original<\/li>\n<\/ul>","protected":false},"excerpt":{"rendered":"<p>original Prospekt FAHR Europa Reihe &#8211; Sortiments\u00fcbersicht ca. 19cm x 21cm ausklappbar der L\u00e4nge nach zur 7fachen Gr\u00f6\u00dfe Deutsch gelocht gebraucht dem Alter entsprechend etwas abgegriffen 100% original<\/p>","protected":false},"featured_media":2515,"template":"","meta":[],"product_brand":[],"product_cat":[150,38,45],"product_tag":[],"class_list":{"0":"post-2509","1":"product","2":"type-product","3":"status-publish","4":"has-post-thumbnail","6":"product_cat-deutz-fahr-prospekte","7":"product_cat-deutz_fahr","8":"product_cat-prospekte","10":"first","11":"instock","12":"shipping-taxable","13":"purchasable","14":"product-type-simple"},"_links":{"self":[{"href":"https:\/\/www.agraritaeten-shop.com\/en\/wp-json\/wp\/v2\/product\/2509","targetHints":{"allow":["GET"]}}],"collection":[{"href":"https:\/\/www.agraritaeten-shop.com\/en\/wp-json\/wp\/v2\/product"}],"about":[{"href":"https:\/\/www.agraritaeten-shop.com\/en\/wp-json\/wp\/v2\/types\/product"}],"wp:featuredmedia":[{"embeddable":true,"href":"https:\/\/www.agraritaeten-shop.com\/en\/wp-json\/wp\/v2\/media\/2515"}],"wp:attachment":[{"href":"https:\/\/www.agraritaeten-shop.com\/en\/wp-json\/wp\/v2\/media?parent=2509"}],"wp:term":[{"taxonomy":"product_brand","embeddable":true,"href":"https:\/\/www.agraritaeten-shop.com\/en\/wp-json\/wp\/v2\/product_brand?post=2509"},{"taxonomy":"product_cat","embeddable":true,"href":"https:\/\/www.agraritaeten-shop.com\/en\/wp-json\/wp\/v2\/product_cat?post=2509"},{"taxonomy":"product_tag","embeddable":true,"href":"https:\/\/www.agraritaeten-shop.com\/en\/wp-json\/wp\/v2\/product_tag?post=2509"}],"curies":[{"name":"wp","href":"https:\/\/api.w.org\/{rel}","templated":true}]}}