{"id":25106,"date":"2026-02-27T23:21:53","date_gmt":"2026-02-27T22:21:53","guid":{"rendered":"https:\/\/www.agraritaeten-shop.com\/?post_type=product&#038;p=25106"},"modified":"2026-02-27T23:24:21","modified_gmt":"2026-02-27T22:24:21","slug":"bvl-prospekt-futterruebenernteprogramm","status":"publish","type":"product","link":"https:\/\/www.agraritaeten-shop.com\/en\/shop\/prospekte\/sonstige-prospekte\/bvl-prospekt-futterruebenernteprogramm\/","title":{"rendered":"BVL Prospekt Futterr\u00fcbenernteprogramm"},"content":{"rendered":"<h1><strong>original brochure<br \/>\n<\/strong><\/h1>\n<h2><span style=\"font-size: 100%;\">BVL Futterr\u00fcbenernteprogramm<br \/>\nR\u00fcbenziehmaschine, Futterr\u00fcbenernter, Futterr\u00fcben-Vollernter, Siliermaschinen<br \/>\n<span style=\"font-size: 75%;\">Maschinenfabrik Bernhard van Lengerich GmbH<\/span><\/span><\/h2>\n<ul>\n<li>A4 format<\/li>\n<li>Fold-out brochure with 6 pages<\/li>\n<li>German<\/li>\n<li>punched<\/li>\n<li>used<\/li>\n<li>very good condition<\/li>\n<li>100% original<\/li>\n<\/ul>","protected":false},"excerpt":{"rendered":"<p>original Prospekt BVL Futterr\u00fcbenernteprogramm R\u00fcbenziehmaschine, Futterr\u00fcbenernter, Futterr\u00fcben-Vollernter, Siliermaschinen Maschinenfabrik Bernhard van Lengerich GmbH A4 Format 6 Seiten ausklappbar Deutsch gelocht gebraucht sehr guter Zustand 100% original<\/p>","protected":false},"featured_media":24916,"template":"","meta":[],"product_brand":[],"product_cat":[45,123,132],"product_tag":[1460,1942,186,1043],"class_list":{"0":"post-25106","1":"product","2":"type-product","3":"status-publish","4":"has-post-thumbnail","6":"product_cat-prospekte","7":"product_cat-sonstige","8":"product_cat-sonstige-prospekte","9":"product_tag-bvl","10":"product_tag-futterruebenernter","11":"product_tag-prospekt","12":"product_tag-siliermaschinen","14":"first","15":"instock","16":"shipping-taxable","17":"purchasable","18":"product-type-simple"},"_links":{"self":[{"href":"https:\/\/www.agraritaeten-shop.com\/en\/wp-json\/wp\/v2\/product\/25106","targetHints":{"allow":["GET"]}}],"collection":[{"href":"https:\/\/www.agraritaeten-shop.com\/en\/wp-json\/wp\/v2\/product"}],"about":[{"href":"https:\/\/www.agraritaeten-shop.com\/en\/wp-json\/wp\/v2\/types\/product"}],"wp:featuredmedia":[{"embeddable":true,"href":"https:\/\/www.agraritaeten-shop.com\/en\/wp-json\/wp\/v2\/media\/24916"}],"wp:attachment":[{"href":"https:\/\/www.agraritaeten-shop.com\/en\/wp-json\/wp\/v2\/media?parent=25106"}],"wp:term":[{"taxonomy":"product_brand","embeddable":true,"href":"https:\/\/www.agraritaeten-shop.com\/en\/wp-json\/wp\/v2\/product_brand?post=25106"},{"taxonomy":"product_cat","embeddable":true,"href":"https:\/\/www.agraritaeten-shop.com\/en\/wp-json\/wp\/v2\/product_cat?post=25106"},{"taxonomy":"product_tag","embeddable":true,"href":"https:\/\/www.agraritaeten-shop.com\/en\/wp-json\/wp\/v2\/product_tag?post=25106"}],"curies":[{"name":"wp","href":"https:\/\/api.w.org\/{rel}","templated":true}]}}