{"id":25465,"date":"2026-03-08T09:12:42","date_gmt":"2026-03-08T08:12:42","guid":{"rendered":"https:\/\/www.agraritaeten-shop.com\/?post_type=product&#038;p=25465"},"modified":"2026-03-08T09:17:46","modified_gmt":"2026-03-08T08:17:46","slug":"mica-prospekt-lieferprogramm","status":"publish","type":"product","link":"https:\/\/www.agraritaeten-shop.com\/en\/shop\/prospekte\/sonstige-prospekte\/mica-prospekt-lieferprogramm\/","title":{"rendered":"MICA Prospekt Lieferprogramm"},"content":{"rendered":"<h1><strong>original brochure<br \/>\n<\/strong><\/h1>\n<h2>MICA Lieferprogramm<br \/>\n<span style=\"font-size: 75%;\">Feldh\u00e4cksler, H\u00f6henf\u00f6rderer, Plansilo, Exakth\u00e4cksler, R\u00fcbenerntemaschine, Combiwagen, F\u00e4rderschnecken, Getreidewaage, Trockner, Lagersilos, M\u00fchlen, Mischer<\/span><\/h2>\n<ul>\n<li>approx. A4 Format<\/li>\n<li>1 sheet, printed on both sides<\/li>\n<li>German<\/li>\n<li>punched<\/li>\n<li>used<\/li>\n<li>very good condition<\/li>\n<li>100% original<\/li>\n<li>Date Stamp: <em>20.05.68<\/em><\/li>\n<\/ul>","protected":false},"excerpt":{"rendered":"<p>original Prospekt MICA Lieferprogramm Feldh\u00e4cksler, H\u00f6henf\u00f6rderer, Plansilo, Exakth\u00e4cksler, R\u00fcbenerntemaschine, Combiwagen, F\u00e4rderschnecken, Getreidewaage, Trockner, Lagersilos, M\u00fchlen, Mischer ca. A4 Format 1 Blatt, beidseitig bedruckt Deutsch gelocht gebraucht sehr guter Zustand 100% original Datums-Stempel: 20.05.68<\/p>","protected":false},"featured_media":25417,"template":"","meta":[],"product_brand":[],"product_cat":[45,123,132],"product_tag":[3493,3492,3494,445,3495,978,3496,1339,1601,2108,436,3491,303,186,1078,809],"class_list":{"0":"post-25465","1":"product","2":"type-product","3":"status-publish","4":"has-post-thumbnail","6":"product_cat-prospekte","7":"product_cat-sonstige","8":"product_cat-sonstige-prospekte","9":"product_tag-combiwagen","10":"product_tag-exakthaecksler","11":"product_tag-faerderschnecken","12":"product_tag-feldhaecksler","13":"product_tag-getreidewaage","14":"product_tag-hoehenfoerderer","15":"product_tag-lagersilos","16":"product_tag-lieferprogramm","17":"product_tag-mica","18":"product_tag-mischer","19":"product_tag-muehlen","20":"product_tag-plansilo","21":"product_tag-programm","22":"product_tag-prospekt","23":"product_tag-ruebenerntemaschine","24":"product_tag-trockner","26":"first","27":"instock","28":"shipping-taxable","29":"purchasable","30":"product-type-simple"},"_links":{"self":[{"href":"https:\/\/www.agraritaeten-shop.com\/en\/wp-json\/wp\/v2\/product\/25465","targetHints":{"allow":["GET"]}}],"collection":[{"href":"https:\/\/www.agraritaeten-shop.com\/en\/wp-json\/wp\/v2\/product"}],"about":[{"href":"https:\/\/www.agraritaeten-shop.com\/en\/wp-json\/wp\/v2\/types\/product"}],"wp:featuredmedia":[{"embeddable":true,"href":"https:\/\/www.agraritaeten-shop.com\/en\/wp-json\/wp\/v2\/media\/25417"}],"wp:attachment":[{"href":"https:\/\/www.agraritaeten-shop.com\/en\/wp-json\/wp\/v2\/media?parent=25465"}],"wp:term":[{"taxonomy":"product_brand","embeddable":true,"href":"https:\/\/www.agraritaeten-shop.com\/en\/wp-json\/wp\/v2\/product_brand?post=25465"},{"taxonomy":"product_cat","embeddable":true,"href":"https:\/\/www.agraritaeten-shop.com\/en\/wp-json\/wp\/v2\/product_cat?post=25465"},{"taxonomy":"product_tag","embeddable":true,"href":"https:\/\/www.agraritaeten-shop.com\/en\/wp-json\/wp\/v2\/product_tag?post=25465"}],"curies":[{"name":"wp","href":"https:\/\/api.w.org\/{rel}","templated":true}]}}