{"id":25485,"date":"2026-03-09T11:56:58","date_gmt":"2026-03-09T10:56:58","guid":{"rendered":"https:\/\/www.agraritaeten-shop.com\/?post_type=product&#038;p=25485"},"modified":"2026-03-09T12:02:12","modified_gmt":"2026-03-09T11:02:12","slug":"kmf-prospekt-traktor-anbaupfluege-2","status":"publish","type":"product","link":"https:\/\/www.agraritaeten-shop.com\/en\/shop\/sonstige\/kmf-prospekt-traktor-anbaupfluege-2\/","title":{"rendered":"KMF Prospekt Traktor-Anbaupfl\u00fcge"},"content":{"rendered":"<h1><span style=\"font-size: 100%;\"><strong>original brochure<\/strong><\/span><\/h1>\n<h1>K\u00e4rntner Maschinenfabriken<br \/>\nTraktor-Anbaupfl\u00fcge<br \/>\n<span style=\"font-size: 75%;\">Universal, Gigant, Herkules, Sch\u00e4lpflug<\/span><\/h1>\n<ul>\n<li><span style=\"color: #000000;\">A4 format<\/span><\/li>\n<li><span style=\"color: #000000;\">1 sheet, printed on both sides<\/span><\/li>\n<li>German<\/li>\n<li><span style=\"color: #000000;\">punched<\/span><\/li>\n<li><span style=\"color: #000000;\">used<\/span><\/li>\n<li>good condition<\/li>\n<li><span style=\"color: #000000;\">100% original<\/span><\/li>\n<li>Brochure No.: <em>203\/I\/55<\/em><\/li>\n<li>Print No.: <em>327 454<\/em><\/li>\n<\/ul>","protected":false},"excerpt":{"rendered":"<p>original Prospekt K\u00e4rntner Maschinenfabriken Traktor-Anbaupfl\u00fcge Universal, Gigant, Herkules, Sch\u00e4lpflug A4 Format 1 Blatt, beidseitig bedruckt Deutsch gelocht gebraucht guter Zustand 100% original ProspektNr. 203\/I\/55 DruckNr. 327 454<\/p>","protected":false},"featured_media":25409,"template":"","meta":[],"product_brand":[],"product_cat":[123,45,132],"product_tag":[1041,369,186],"class_list":{"0":"post-25485","1":"product","2":"type-product","3":"status-publish","4":"has-post-thumbnail","6":"product_cat-sonstige","7":"product_cat-prospekte","8":"product_cat-sonstige-prospekte","9":"product_tag-kmf","10":"product_tag-pfluege","11":"product_tag-prospekt","13":"first","14":"instock","15":"shipping-taxable","16":"purchasable","17":"product-type-simple"},"_links":{"self":[{"href":"https:\/\/www.agraritaeten-shop.com\/en\/wp-json\/wp\/v2\/product\/25485","targetHints":{"allow":["GET"]}}],"collection":[{"href":"https:\/\/www.agraritaeten-shop.com\/en\/wp-json\/wp\/v2\/product"}],"about":[{"href":"https:\/\/www.agraritaeten-shop.com\/en\/wp-json\/wp\/v2\/types\/product"}],"wp:featuredmedia":[{"embeddable":true,"href":"https:\/\/www.agraritaeten-shop.com\/en\/wp-json\/wp\/v2\/media\/25409"}],"wp:attachment":[{"href":"https:\/\/www.agraritaeten-shop.com\/en\/wp-json\/wp\/v2\/media?parent=25485"}],"wp:term":[{"taxonomy":"product_brand","embeddable":true,"href":"https:\/\/www.agraritaeten-shop.com\/en\/wp-json\/wp\/v2\/product_brand?post=25485"},{"taxonomy":"product_cat","embeddable":true,"href":"https:\/\/www.agraritaeten-shop.com\/en\/wp-json\/wp\/v2\/product_cat?post=25485"},{"taxonomy":"product_tag","embeddable":true,"href":"https:\/\/www.agraritaeten-shop.com\/en\/wp-json\/wp\/v2\/product_tag?post=25485"}],"curies":[{"name":"wp","href":"https:\/\/api.w.org\/{rel}","templated":true}]}}