{"id":25930,"date":"2026-03-23T21:02:25","date_gmt":"2026-03-23T20:02:25","guid":{"rendered":"https:\/\/www.agraritaeten-shop.com\/?post_type=product&#038;p=25930"},"modified":"2026-03-26T06:36:16","modified_gmt":"2026-03-26T05:36:16","slug":"ferri-prospekt-boeschungsmaeher-2","status":"publish","type":"product","link":"https:\/\/www.agraritaeten-shop.com\/en\/shop\/prospekte\/sonstige-prospekte\/ferri-prospekt-boeschungsmaeher-2\/","title":{"rendered":"FERRI Prospekt B\u00f6schungsm\u00e4her"},"content":{"rendered":"<h1 style=\"text-align: left;\"><strong>original brochure<br \/>\n<\/strong><\/h1>\n<h2><span style=\"font-size: 100%;\">FERRI B\u00f6schungsm\u00e4her<\/span><\/h2>\n<ul>\n<li>A4 format<\/li>\n<li>1 sheet, printed on both sides<\/li>\n<li>German, Italian, English, French<\/li>\n<li>punched<\/li>\n<li>used<\/li>\n<li>very good condition<\/li>\n<li>100% original<\/li>\n<li>Print No.: <em>DEPT101<\/em><\/li>\n<\/ul>","protected":false},"excerpt":{"rendered":"<p>original Prospekt FERRI B\u00f6schungsm\u00e4her A4 Format ein Blatt, beidseitig bedruckt Deutsch, Italienisch, Englisch, Franz\u00f6sisch gelocht gebraucht sehr guter Zustand 100% original DruckNr.: DEPT101<\/p>","protected":false},"featured_media":25867,"template":"","meta":[],"product_brand":[],"product_cat":[45,132,123],"product_tag":[3231,3520,186],"class_list":{"0":"post-25930","1":"product","2":"type-product","3":"status-publish","4":"has-post-thumbnail","6":"product_cat-prospekte","7":"product_cat-sonstige-prospekte","8":"product_cat-sonstige","9":"product_tag-boeschungsmaeher","10":"product_tag-ferri","11":"product_tag-prospekt","13":"first","14":"outofstock","15":"shipping-taxable","16":"purchasable","17":"product-type-simple"},"_links":{"self":[{"href":"https:\/\/www.agraritaeten-shop.com\/en\/wp-json\/wp\/v2\/product\/25930","targetHints":{"allow":["GET"]}}],"collection":[{"href":"https:\/\/www.agraritaeten-shop.com\/en\/wp-json\/wp\/v2\/product"}],"about":[{"href":"https:\/\/www.agraritaeten-shop.com\/en\/wp-json\/wp\/v2\/types\/product"}],"wp:featuredmedia":[{"embeddable":true,"href":"https:\/\/www.agraritaeten-shop.com\/en\/wp-json\/wp\/v2\/media\/25867"}],"wp:attachment":[{"href":"https:\/\/www.agraritaeten-shop.com\/en\/wp-json\/wp\/v2\/media?parent=25930"}],"wp:term":[{"taxonomy":"product_brand","embeddable":true,"href":"https:\/\/www.agraritaeten-shop.com\/en\/wp-json\/wp\/v2\/product_brand?post=25930"},{"taxonomy":"product_cat","embeddable":true,"href":"https:\/\/www.agraritaeten-shop.com\/en\/wp-json\/wp\/v2\/product_cat?post=25930"},{"taxonomy":"product_tag","embeddable":true,"href":"https:\/\/www.agraritaeten-shop.com\/en\/wp-json\/wp\/v2\/product_tag?post=25930"}],"curies":[{"name":"wp","href":"https:\/\/api.w.org\/{rel}","templated":true}]}}