{"id":25944,"date":"2026-03-25T22:23:13","date_gmt":"2026-03-25T21:23:13","guid":{"rendered":"https:\/\/www.agraritaeten-shop.com\/?post_type=product&#038;p=25944"},"modified":"2026-03-25T22:27:23","modified_gmt":"2026-03-25T21:27:23","slug":"melio-prospekt-grabenfraese-tu-2","status":"publish","type":"product","link":"https:\/\/www.agraritaeten-shop.com\/en\/shop\/prospekte\/sonstige-prospekte\/melio-prospekt-grabenfraese-tu-2\/","title":{"rendered":"MELIO Prospekt Grabenfr\u00e4se TU"},"content":{"rendered":"<h1><strong>original brochure<br \/>\n<\/strong><\/h1>\n<h2>MELIO Landmaschinen<br \/>\nGrabenfr\u00e4se TU + Beilage \u00fcber Zusatzger\u00e4te<\/h2>\n<ul>\n<li>A4 format<\/li>\n<li>4 pages <em>+<\/em> enclosure<\/li>\n<li>German<\/li>\n<li>punched<\/li>\n<li>used<\/li>\n<li>very good condition<\/li>\n<li>100% original<\/li>\n<\/ul>","protected":false},"excerpt":{"rendered":"<p>original Prospekt MELIO Landmaschinen Grabenfr\u00e4se TU + Beilage \u00fcber Zusatzger\u00e4te A4 Format 4 Seiten + Beilage Deutsch gelocht gebraucht sehr guter Zustand 100% original<\/p>","protected":false},"featured_media":25860,"template":"","meta":[],"product_brand":[],"product_cat":[45,123,132],"product_tag":[1405,1643,186],"class_list":{"0":"post-25944","1":"product","2":"type-product","3":"status-publish","4":"has-post-thumbnail","6":"product_cat-prospekte","7":"product_cat-sonstige","8":"product_cat-sonstige-prospekte","9":"product_tag-fraese","10":"product_tag-melio","11":"product_tag-prospekt","13":"first","14":"instock","15":"shipping-taxable","16":"purchasable","17":"product-type-simple"},"_links":{"self":[{"href":"https:\/\/www.agraritaeten-shop.com\/en\/wp-json\/wp\/v2\/product\/25944","targetHints":{"allow":["GET"]}}],"collection":[{"href":"https:\/\/www.agraritaeten-shop.com\/en\/wp-json\/wp\/v2\/product"}],"about":[{"href":"https:\/\/www.agraritaeten-shop.com\/en\/wp-json\/wp\/v2\/types\/product"}],"wp:featuredmedia":[{"embeddable":true,"href":"https:\/\/www.agraritaeten-shop.com\/en\/wp-json\/wp\/v2\/media\/25860"}],"wp:attachment":[{"href":"https:\/\/www.agraritaeten-shop.com\/en\/wp-json\/wp\/v2\/media?parent=25944"}],"wp:term":[{"taxonomy":"product_brand","embeddable":true,"href":"https:\/\/www.agraritaeten-shop.com\/en\/wp-json\/wp\/v2\/product_brand?post=25944"},{"taxonomy":"product_cat","embeddable":true,"href":"https:\/\/www.agraritaeten-shop.com\/en\/wp-json\/wp\/v2\/product_cat?post=25944"},{"taxonomy":"product_tag","embeddable":true,"href":"https:\/\/www.agraritaeten-shop.com\/en\/wp-json\/wp\/v2\/product_tag?post=25944"}],"curies":[{"name":"wp","href":"https:\/\/api.w.org\/{rel}","templated":true}]}}