{"id":25977,"date":"2026-03-26T17:00:02","date_gmt":"2026-03-26T16:00:02","guid":{"rendered":"https:\/\/www.agraritaeten-shop.com\/?post_type=product&#038;p=25977"},"modified":"2026-04-04T21:02:12","modified_gmt":"2026-04-04T19:02:12","slug":"moty-prospekt-universal-maeh-fraes-und-heuerntegeraet-muli-universal","status":"publish","type":"product","link":"https:\/\/www.agraritaeten-shop.com\/en\/shop\/prospekte\/sonstige-prospekte\/moty-prospekt-universal-maeh-fraes-und-heuerntegeraet-muli-universal\/","title":{"rendered":"MOTY Prospekt Universal M\u00e4h-, Fr\u00e4s- und Heuernteger\u00e4t MULI-UNIVERSAL"},"content":{"rendered":"<h1><strong>original brochure<br \/>\n<\/strong><\/h1>\n<h2>MOTY Universal M\u00e4h-, Fr\u00e4s- und Heuernteger\u00e4t<br \/>\nMULI-UNIVERSAL<\/h2>\n<ul>\n<li>A5 format<\/li>\n<li>4 pages<\/li>\n<li>German<\/li>\n<li>punched<\/li>\n<li>creased<\/li>\n<li>used<\/li>\n<li>good condition<\/li>\n<li>100% original<\/li>\n<\/ul>","protected":false},"excerpt":{"rendered":"<p>original Prospekt MOTY Universal M\u00e4h-, Fr\u00e4s- und Heuernteger\u00e4t MULI-UNIVERSAL A5 Format 4 Seiten Deutsch gelocht geknickt gebraucht guter Zustand 100% original<\/p>","protected":false},"featured_media":25894,"template":"","meta":[],"product_brand":[],"product_cat":[45,132,123],"product_tag":[1405,1677,262,201,2374,186],"class_list":{"0":"post-25977","1":"product","2":"type-product","3":"status-publish","4":"has-post-thumbnail","6":"product_cat-prospekte","7":"product_cat-sonstige-prospekte","8":"product_cat-sonstige","9":"product_tag-fraese","10":"product_tag-heuernte","11":"product_tag-maeher","12":"product_tag-moty","13":"product_tag-muli","14":"product_tag-prospekt","16":"first","17":"outofstock","18":"shipping-taxable","19":"purchasable","20":"product-type-simple"},"_links":{"self":[{"href":"https:\/\/www.agraritaeten-shop.com\/en\/wp-json\/wp\/v2\/product\/25977","targetHints":{"allow":["GET"]}}],"collection":[{"href":"https:\/\/www.agraritaeten-shop.com\/en\/wp-json\/wp\/v2\/product"}],"about":[{"href":"https:\/\/www.agraritaeten-shop.com\/en\/wp-json\/wp\/v2\/types\/product"}],"wp:featuredmedia":[{"embeddable":true,"href":"https:\/\/www.agraritaeten-shop.com\/en\/wp-json\/wp\/v2\/media\/25894"}],"wp:attachment":[{"href":"https:\/\/www.agraritaeten-shop.com\/en\/wp-json\/wp\/v2\/media?parent=25977"}],"wp:term":[{"taxonomy":"product_brand","embeddable":true,"href":"https:\/\/www.agraritaeten-shop.com\/en\/wp-json\/wp\/v2\/product_brand?post=25977"},{"taxonomy":"product_cat","embeddable":true,"href":"https:\/\/www.agraritaeten-shop.com\/en\/wp-json\/wp\/v2\/product_cat?post=25977"},{"taxonomy":"product_tag","embeddable":true,"href":"https:\/\/www.agraritaeten-shop.com\/en\/wp-json\/wp\/v2\/product_tag?post=25977"}],"curies":[{"name":"wp","href":"https:\/\/api.w.org\/{rel}","templated":true}]}}