{"id":25987,"date":"2026-03-26T17:38:26","date_gmt":"2026-03-26T16:38:26","guid":{"rendered":"https:\/\/www.agraritaeten-shop.com\/?post_type=product&#038;p=25987"},"modified":"2026-03-26T17:54:10","modified_gmt":"2026-03-26T16:54:10","slug":"unitrak-prospekt-vollgeraetetraeger","status":"publish","type":"product","link":"https:\/\/www.agraritaeten-shop.com\/en\/shop\/prospekte\/sonstige-prospekte\/unitrak-prospekt-vollgeraetetraeger\/","title":{"rendered":"UNITRAK Prospekt Vollger\u00e4tetr\u00e4ger"},"content":{"rendered":"<h1><strong>original brochure<br \/>\n<\/strong><\/h1>\n<h2>UNITRAK Vollger\u00e4tetr\u00e4ger<\/h2>\n<ul>\n<li>A4 format<\/li>\n<li>4 pages<\/li>\n<li>German<\/li>\n<li>punched<\/li>\n<li>used<\/li>\n<li>folded in the middle<\/li>\n<li>barely to slightly worn<\/li>\n<li>address field was subsequently covered with the details of another distribution location<\/li>\n<li>otherwise good condition<\/li>\n<li>100% original<\/li>\n<\/ul>","protected":false},"excerpt":{"rendered":"<p>original Prospekt UNITRAK Vollger\u00e4tetr\u00e4ger A4 Format 4 Seiten Deutsch gelocht gebraucht in der Mitte geknickt minimal bis kaum abgegriffen Adressfeld wurde nachtr\u00e4glich mit den Angaben einer anderen Vertriebsst\u00e4tte \u00fcberklebt ansonsten guter Zustand 100% original<\/p>","protected":false},"featured_media":25886,"template":"","meta":[],"product_brand":[],"product_cat":[45,132,123],"product_tag":[665,186,188,759],"class_list":{"0":"post-25987","1":"product","2":"type-product","3":"status-publish","4":"has-post-thumbnail","6":"product_cat-prospekte","7":"product_cat-sonstige-prospekte","8":"product_cat-sonstige","9":"product_tag-geraetetraeger","10":"product_tag-prospekt","11":"product_tag-traktor","12":"product_tag-unitrak","14":"first","15":"instock","16":"shipping-taxable","17":"purchasable","18":"product-type-simple"},"_links":{"self":[{"href":"https:\/\/www.agraritaeten-shop.com\/en\/wp-json\/wp\/v2\/product\/25987","targetHints":{"allow":["GET"]}}],"collection":[{"href":"https:\/\/www.agraritaeten-shop.com\/en\/wp-json\/wp\/v2\/product"}],"about":[{"href":"https:\/\/www.agraritaeten-shop.com\/en\/wp-json\/wp\/v2\/types\/product"}],"wp:featuredmedia":[{"embeddable":true,"href":"https:\/\/www.agraritaeten-shop.com\/en\/wp-json\/wp\/v2\/media\/25886"}],"wp:attachment":[{"href":"https:\/\/www.agraritaeten-shop.com\/en\/wp-json\/wp\/v2\/media?parent=25987"}],"wp:term":[{"taxonomy":"product_brand","embeddable":true,"href":"https:\/\/www.agraritaeten-shop.com\/en\/wp-json\/wp\/v2\/product_brand?post=25987"},{"taxonomy":"product_cat","embeddable":true,"href":"https:\/\/www.agraritaeten-shop.com\/en\/wp-json\/wp\/v2\/product_cat?post=25987"},{"taxonomy":"product_tag","embeddable":true,"href":"https:\/\/www.agraritaeten-shop.com\/en\/wp-json\/wp\/v2\/product_tag?post=25987"}],"curies":[{"name":"wp","href":"https:\/\/api.w.org\/{rel}","templated":true}]}}