{"id":25995,"date":"2026-03-28T11:11:14","date_gmt":"2026-03-28T10:11:14","guid":{"rendered":"https:\/\/www.agraritaeten-shop.com\/?post_type=product&#038;p=25995"},"modified":"2026-04-04T21:02:12","modified_gmt":"2026-04-04T19:02:12","slug":"moty-pruefbericht-kleintraktor-moty-trak","status":"publish","type":"product","link":"https:\/\/www.agraritaeten-shop.com\/en\/shop\/handbuecher\/handbuecher-traktoren\/moty-pruefbericht-kleintraktor-moty-trak\/","title":{"rendered":"MOTY Pr\u00fcfbericht Kleintraktor MOTY-Trak"},"content":{"rendered":"<h1><strong>original Dokument<\/strong><\/h1>\n<h1>MOTY Pr\u00fcfbericht Kleintraktor MOTY-Trak<br \/>\n<span style=\"font-size: 75%;\">Bundesversuchs- u. Pr\u00fcfungsanstalt landwirtschaftliche Maschinen u. Ger\u00e4te, Wieselburg<br \/>\nvom 04.01.1971, Prot.Nr.: 002\/71<\/span><\/h1>\n<ul>\n<li>A5 format<\/li>\n<li>12 pages<\/li>\n<li>German<\/li>\n<li>not punched<\/li>\n<li>used<\/li>\n<li>very good condition<\/li>\n<li>100% original<\/li>\n<\/ul>","protected":false},"excerpt":{"rendered":"<p>original Dokument MOTY Pr\u00fcfbericht Kleintraktor MOTY-Trak Bundesversuchs- u. Pr\u00fcfungsanstalt landwirtschaftliche Maschinen u. Ger\u00e4te, Wieselburg vom 04.01.1971, Prot.Nr.: 002\/71 A5 Format 12 Seiten Deutsch nicht gelocht gebraucht sehr guter Zustand 100% original<\/p>","protected":false},"featured_media":25896,"template":"","meta":[],"product_brand":[],"product_cat":[18,53,49],"product_tag":[201,186,675,188],"class_list":{"0":"post-25995","1":"product","2":"type-product","3":"status-publish","4":"has-post-thumbnail","6":"product_cat-handbuecher","7":"product_cat-steyr","8":"product_cat-handbuecher-traktoren","9":"product_tag-moty","10":"product_tag-prospekt","11":"product_tag-pruefbericht","12":"product_tag-traktor","14":"first","15":"outofstock","16":"shipping-taxable","17":"purchasable","18":"product-type-simple"},"_links":{"self":[{"href":"https:\/\/www.agraritaeten-shop.com\/en\/wp-json\/wp\/v2\/product\/25995","targetHints":{"allow":["GET"]}}],"collection":[{"href":"https:\/\/www.agraritaeten-shop.com\/en\/wp-json\/wp\/v2\/product"}],"about":[{"href":"https:\/\/www.agraritaeten-shop.com\/en\/wp-json\/wp\/v2\/types\/product"}],"wp:featuredmedia":[{"embeddable":true,"href":"https:\/\/www.agraritaeten-shop.com\/en\/wp-json\/wp\/v2\/media\/25896"}],"wp:attachment":[{"href":"https:\/\/www.agraritaeten-shop.com\/en\/wp-json\/wp\/v2\/media?parent=25995"}],"wp:term":[{"taxonomy":"product_brand","embeddable":true,"href":"https:\/\/www.agraritaeten-shop.com\/en\/wp-json\/wp\/v2\/product_brand?post=25995"},{"taxonomy":"product_cat","embeddable":true,"href":"https:\/\/www.agraritaeten-shop.com\/en\/wp-json\/wp\/v2\/product_cat?post=25995"},{"taxonomy":"product_tag","embeddable":true,"href":"https:\/\/www.agraritaeten-shop.com\/en\/wp-json\/wp\/v2\/product_tag?post=25995"}],"curies":[{"name":"wp","href":"https:\/\/api.w.org\/{rel}","templated":true}]}}