{"id":26304,"date":"2026-04-07T18:46:12","date_gmt":"2026-04-07T16:46:12","guid":{"rendered":"https:\/\/www.agraritaeten-shop.com\/?post_type=product&#038;p=26304"},"modified":"2026-04-09T06:31:23","modified_gmt":"2026-04-09T04:31:23","slug":"simar-prospekt-bodenfraese-einachs-traktor-universalmaschine","status":"publish","type":"product","link":"https:\/\/www.agraritaeten-shop.com\/en\/shop\/prospekte\/sonstige-prospekte\/simar-prospekt-bodenfraese-einachs-traktor-universalmaschine\/","title":{"rendered":"SIMAR Prospekt Bodenfr\u00e4se, Einachs-Traktor, Universalmaschine"},"content":{"rendered":"<h1><strong>original brochure<br \/>\n<\/strong><\/h1>\n<h2>SIMAR GEN\u00c8VE<br \/>\nBodenfr\u00e4se, Einachs-Traktor, Universalmaschine<\/h2>\n<ul>\n<li>A5 landscape format<\/li>\n<li>fold-out along the length to 8 times its original size<\/li>\n<li>German<\/li>\n<li>punched<\/li>\n<li>used<\/li>\n<li>very good condition<\/li>\n<li>100% original<\/li>\n<li>Date Stamp: <em>10\/1953<\/em><\/li>\n<\/ul>","protected":false},"excerpt":{"rendered":"<p>original Prospekt SIMAR GEN\u00c8VE Bodenfr\u00e4se, Einachs-Traktor, Universalmaschine A5 Querformat der L\u00e4nge nach ausklappbar zur 8fachen Gr\u00f6\u00dfe Deutsch gelocht gebraucht sehr guter Zustand 100% original Datums-Stempel: 10\/1953<\/p>","protected":false},"featured_media":26259,"template":"","meta":[],"product_brand":[],"product_cat":[45,132,123],"product_tag":[708,573,186,3552,786],"class_list":{"0":"post-26304","1":"product","2":"type-product","3":"status-publish","4":"has-post-thumbnail","6":"product_cat-prospekte","7":"product_cat-sonstige-prospekte","8":"product_cat-sonstige","9":"product_tag-bodenfraese","10":"product_tag-einachs-traktor","11":"product_tag-prospekt","12":"product_tag-simar","13":"product_tag-universalmaschine","15":"first","16":"outofstock","17":"shipping-taxable","18":"purchasable","19":"product-type-simple"},"_links":{"self":[{"href":"https:\/\/www.agraritaeten-shop.com\/en\/wp-json\/wp\/v2\/product\/26304","targetHints":{"allow":["GET"]}}],"collection":[{"href":"https:\/\/www.agraritaeten-shop.com\/en\/wp-json\/wp\/v2\/product"}],"about":[{"href":"https:\/\/www.agraritaeten-shop.com\/en\/wp-json\/wp\/v2\/types\/product"}],"wp:featuredmedia":[{"embeddable":true,"href":"https:\/\/www.agraritaeten-shop.com\/en\/wp-json\/wp\/v2\/media\/26259"}],"wp:attachment":[{"href":"https:\/\/www.agraritaeten-shop.com\/en\/wp-json\/wp\/v2\/media?parent=26304"}],"wp:term":[{"taxonomy":"product_brand","embeddable":true,"href":"https:\/\/www.agraritaeten-shop.com\/en\/wp-json\/wp\/v2\/product_brand?post=26304"},{"taxonomy":"product_cat","embeddable":true,"href":"https:\/\/www.agraritaeten-shop.com\/en\/wp-json\/wp\/v2\/product_cat?post=26304"},{"taxonomy":"product_tag","embeddable":true,"href":"https:\/\/www.agraritaeten-shop.com\/en\/wp-json\/wp\/v2\/product_tag?post=26304"}],"curies":[{"name":"wp","href":"https:\/\/api.w.org\/{rel}","templated":true}]}}