{"id":26456,"date":"2026-04-12T09:51:11","date_gmt":"2026-04-12T07:51:11","guid":{"rendered":"https:\/\/www.agraritaeten-shop.com\/?post_type=product&#038;p=26456"},"modified":"2026-04-12T09:53:54","modified_gmt":"2026-04-12T07:53:54","slug":"ferri-prospekt-boeschungsmaeher-3","status":"publish","type":"product","link":"https:\/\/www.agraritaeten-shop.com\/en\/shop\/prospekte\/sonstige-prospekte\/ferri-prospekt-boeschungsmaeher-3\/","title":{"rendered":"FERRI Prospekt B\u00f6schungsm\u00e4her"},"content":{"rendered":"<h1 style=\"text-align: left;\"><strong>original brochure<br \/>\n<\/strong><\/h1>\n<h2><span style=\"font-size: 100%;\">FERRI B\u00f6schungsm\u00e4her<\/span><\/h2>\n<ul>\n<li>A4 format<\/li>\n<li>1 sheet, printed on both sides<\/li>\n<li>German, Italian, English, French<\/li>\n<li>punched<\/li>\n<li>used<\/li>\n<li>very good condition<\/li>\n<li>100% original<\/li>\n<li>Print No.: <em>3\/88-5.000<\/em><\/li>\n<\/ul>","protected":false},"excerpt":{"rendered":"<p>original Prospekt FERRI B\u00f6schungsm\u00e4her A4 Format ein Blatt, beidseitig bedruckt Deutsch, Italienisch, Englisch, Franz\u00f6sisch gelocht gebraucht sehr guter Zustand 100% original DruckNr.: 3\/88-5.000<\/p>","protected":false},"featured_media":26362,"template":"","meta":[],"product_brand":[],"product_cat":[45,123,132],"product_tag":[3520,262,186],"class_list":{"0":"post-26456","1":"product","2":"type-product","3":"status-publish","4":"has-post-thumbnail","6":"product_cat-prospekte","7":"product_cat-sonstige","8":"product_cat-sonstige-prospekte","9":"product_tag-ferri","10":"product_tag-maeher","11":"product_tag-prospekt","13":"first","14":"instock","15":"shipping-taxable","16":"purchasable","17":"product-type-simple"},"_links":{"self":[{"href":"https:\/\/www.agraritaeten-shop.com\/en\/wp-json\/wp\/v2\/product\/26456","targetHints":{"allow":["GET"]}}],"collection":[{"href":"https:\/\/www.agraritaeten-shop.com\/en\/wp-json\/wp\/v2\/product"}],"about":[{"href":"https:\/\/www.agraritaeten-shop.com\/en\/wp-json\/wp\/v2\/types\/product"}],"wp:featuredmedia":[{"embeddable":true,"href":"https:\/\/www.agraritaeten-shop.com\/en\/wp-json\/wp\/v2\/media\/26362"}],"wp:attachment":[{"href":"https:\/\/www.agraritaeten-shop.com\/en\/wp-json\/wp\/v2\/media?parent=26456"}],"wp:term":[{"taxonomy":"product_brand","embeddable":true,"href":"https:\/\/www.agraritaeten-shop.com\/en\/wp-json\/wp\/v2\/product_brand?post=26456"},{"taxonomy":"product_cat","embeddable":true,"href":"https:\/\/www.agraritaeten-shop.com\/en\/wp-json\/wp\/v2\/product_cat?post=26456"},{"taxonomy":"product_tag","embeddable":true,"href":"https:\/\/www.agraritaeten-shop.com\/en\/wp-json\/wp\/v2\/product_tag?post=26456"}],"curies":[{"name":"wp","href":"https:\/\/api.w.org\/{rel}","templated":true}]}}