{"id":26635,"date":"2026-04-16T19:30:14","date_gmt":"2026-04-16T17:30:14","guid":{"rendered":"https:\/\/www.agraritaeten-shop.com\/?post_type=product&#038;p=26635"},"modified":"2026-04-16T20:08:54","modified_gmt":"2026-04-16T18:08:54","slug":"vigolo-prospekt-gesamtkatalog-vegetationsraeume","status":"publish","type":"product","link":"https:\/\/www.agraritaeten-shop.com\/en\/shop\/prospekte\/sonstige-prospekte\/vigolo-prospekt-gesamtkatalog-vegetationsraeume\/","title":{"rendered":"VIGOLO Prospekt Gesamtkatalog Vegetationsr\u00e4ume"},"content":{"rendered":"<h1><strong>original brochure<br \/>\n<\/strong><\/h1>\n<h2>VIGOLO Gesamtkatalog Vegetationsr\u00e4ume<br \/>\n<span style=\"font-size: 75%;\">Mulcher, H\u00e4cksler, Walzen<\/span><\/h2>\n<ul>\n<li>A5 format<\/li>\n<li>50 pages<\/li>\n<li>German, Italian, English, French<\/li>\n<li>not punched<\/li>\n<li>used<\/li>\n<li>very good condition<\/li>\n<li>100% original<\/li>\n<\/ul>","protected":false},"excerpt":{"rendered":"<p>original Prospekt VIGOLO Gesamtkatalog Vegetationsr\u00e4ume Mulcher, H\u00e4cksler, Walzen A5 Format 50 Seiten Deutsch, Italienisch, Englisch, Franz\u00f6sisch nicht gelocht gebraucht sehr guter Zustand 100% original<\/p>","protected":false},"featured_media":26617,"template":"","meta":[],"product_brand":[],"product_cat":[45,123,132],"product_tag":[3518,298,1210,898,369,186,3575,1301],"class_list":{"0":"post-26635","1":"product","2":"type-product","3":"status-publish","4":"has-post-thumbnail","6":"product_cat-prospekte","7":"product_cat-sonstige","8":"product_cat-sonstige-prospekte","9":"product_tag-gassner","10":"product_tag-haecksler","11":"product_tag-katalog","12":"product_tag-mulcher","13":"product_tag-pfluege","14":"product_tag-prospekt","15":"product_tag-vigolo","16":"product_tag-walzen","18":"first","19":"outofstock","20":"shipping-taxable","21":"purchasable","22":"product-type-simple"},"_links":{"self":[{"href":"https:\/\/www.agraritaeten-shop.com\/en\/wp-json\/wp\/v2\/product\/26635","targetHints":{"allow":["GET"]}}],"collection":[{"href":"https:\/\/www.agraritaeten-shop.com\/en\/wp-json\/wp\/v2\/product"}],"about":[{"href":"https:\/\/www.agraritaeten-shop.com\/en\/wp-json\/wp\/v2\/types\/product"}],"wp:featuredmedia":[{"embeddable":true,"href":"https:\/\/www.agraritaeten-shop.com\/en\/wp-json\/wp\/v2\/media\/26617"}],"wp:attachment":[{"href":"https:\/\/www.agraritaeten-shop.com\/en\/wp-json\/wp\/v2\/media?parent=26635"}],"wp:term":[{"taxonomy":"product_brand","embeddable":true,"href":"https:\/\/www.agraritaeten-shop.com\/en\/wp-json\/wp\/v2\/product_brand?post=26635"},{"taxonomy":"product_cat","embeddable":true,"href":"https:\/\/www.agraritaeten-shop.com\/en\/wp-json\/wp\/v2\/product_cat?post=26635"},{"taxonomy":"product_tag","embeddable":true,"href":"https:\/\/www.agraritaeten-shop.com\/en\/wp-json\/wp\/v2\/product_tag?post=26635"}],"curies":[{"name":"wp","href":"https:\/\/api.w.org\/{rel}","templated":true}]}}