{"id":26659,"date":"2026-04-17T20:13:25","date_gmt":"2026-04-17T18:13:25","guid":{"rendered":"https:\/\/www.agraritaeten-shop.com\/?post_type=product&#038;p=26659"},"modified":"2026-04-17T20:22:18","modified_gmt":"2026-04-17T18:22:18","slug":"white-prospekt-programmuebersicht-1976-farm-equipment-line-englisch","status":"publish","type":"product","link":"https:\/\/www.agraritaeten-shop.com\/en\/shop\/prospekte\/sonstige-prospekte\/white-prospekt-programmuebersicht-1976-farm-equipment-line-englisch\/","title":{"rendered":"WHITE Prospekt Programm\u00fcbersicht &#8222;1976 Farm Equipment Line&#8220; (ENGLISCH)"},"content":{"rendered":"<h1><strong>original brochure<br \/>\n<\/strong><\/h1>\n<h2>WHITE<br \/>\nProgramm\u00fcbersicht &#8222;1976 Farm Equipment Line&#8220;<br \/>\n<span style=\"font-size: 75%;\">Traktoren, M\u00e4hdrescher, S\u00e4maschinen, Pfl\u00fcge, Eggen, Lader, Motors\u00e4gen, Schneefr\u00e4sen usw.\u00a0<\/span><\/h2>\n<ul>\n<li>approx. A4 landscape format<\/li>\n<li>60 Seiten<\/li>\n<li><strong>ENGLISH<\/strong><\/li>\n<li>not punched<\/li>\n<li>used<\/li>\n<li>very good condition<\/li>\n<li>100% original<\/li>\n<li>Print No.: <em>DM 76-1<\/em><\/li>\n<\/ul>","protected":false},"excerpt":{"rendered":"<p>original Prospekt WHITE Programm\u00fcbersicht &#8222;1976 Farm Equipment Line&#8220; Traktoren, M\u00e4hdrescher, S\u00e4maschinen, Pfl\u00fcge, Eggen, Lader, Motors\u00e4gen, Schneefr\u00e4sen usw.\u00a0 ca. A4 Querformat 60 Seiten ENGLISCH nicht gelocht gebraucht sehr guter Zustand 100% original DruckNr.: DM 76-1<\/p>","protected":false},"featured_media":26612,"template":"","meta":[],"product_brand":[],"product_cat":[45,123,132],"product_tag":[744,1173,189,1211,369,303,500,186,870,1981,188,249,694],"class_list":{"0":"post-26659","1":"product","2":"type-product","3":"status-publish","4":"has-post-thumbnail","6":"product_cat-prospekte","7":"product_cat-sonstige","8":"product_cat-sonstige-prospekte","9":"product_tag-eggen","10":"product_tag-lader","11":"product_tag-maehdrescher","12":"product_tag-motorsaegen","13":"product_tag-pfluege","14":"product_tag-programm","15":"product_tag-programmuebersicht","16":"product_tag-prospekt","17":"product_tag-saemaschinen","18":"product_tag-schneefraesen","19":"product_tag-traktor","20":"product_tag-traktoren","21":"product_tag-white","23":"first","24":"instock","25":"shipping-taxable","26":"purchasable","27":"product-type-simple"},"_links":{"self":[{"href":"https:\/\/www.agraritaeten-shop.com\/en\/wp-json\/wp\/v2\/product\/26659","targetHints":{"allow":["GET"]}}],"collection":[{"href":"https:\/\/www.agraritaeten-shop.com\/en\/wp-json\/wp\/v2\/product"}],"about":[{"href":"https:\/\/www.agraritaeten-shop.com\/en\/wp-json\/wp\/v2\/types\/product"}],"wp:featuredmedia":[{"embeddable":true,"href":"https:\/\/www.agraritaeten-shop.com\/en\/wp-json\/wp\/v2\/media\/26612"}],"wp:attachment":[{"href":"https:\/\/www.agraritaeten-shop.com\/en\/wp-json\/wp\/v2\/media?parent=26659"}],"wp:term":[{"taxonomy":"product_brand","embeddable":true,"href":"https:\/\/www.agraritaeten-shop.com\/en\/wp-json\/wp\/v2\/product_brand?post=26659"},{"taxonomy":"product_cat","embeddable":true,"href":"https:\/\/www.agraritaeten-shop.com\/en\/wp-json\/wp\/v2\/product_cat?post=26659"},{"taxonomy":"product_tag","embeddable":true,"href":"https:\/\/www.agraritaeten-shop.com\/en\/wp-json\/wp\/v2\/product_tag?post=26659"}],"curies":[{"name":"wp","href":"https:\/\/api.w.org\/{rel}","templated":true}]}}