{"id":26706,"date":"2026-04-18T21:44:43","date_gmt":"2026-04-18T19:44:43","guid":{"rendered":"https:\/\/www.agraritaeten-shop.com\/?post_type=product&#038;p=26706"},"modified":"2026-04-18T21:46:08","modified_gmt":"2026-04-18T19:46:08","slug":"reform-prospekt-programm-muli-bucher-heuer-semo-maeher-usw","status":"publish","type":"product","link":"https:\/\/www.agraritaeten-shop.com\/en\/shop\/prospekte\/prospekte_reform\/reform-prospekt-programm-muli-bucher-heuer-semo-maeher-usw\/","title":{"rendered":"REFORM Prospekt Programm Muli, BUCHER, Heuer, Semo, M\u00e4her usw."},"content":{"rendered":"<h1><strong>original brochure<br \/>\n<\/strong><\/h1>\n<h2>REFORM Programm<br \/>\nM\u00e4her, Motorheuer, Maish\u00e4cksler Exakt, Schleuderd\u00fcngerstreuer,<br \/>\nBucher 1500\/2000, Muli 40\/140, Semo, Heuer, Bison, usw.<\/h2>\n<ul>\n<li>A4 format<\/li>\n<li>fold-out to 4 times its original size (A2 format)<\/li>\n<li>German<\/li>\n<li>not punched<\/li>\n<li>folded in the middle<\/li>\n<li>used<\/li>\n<li>very good condition<\/li>\n<li>100% original<\/li>\n<\/ul>","protected":false},"excerpt":{"rendered":"<p>original Prospekt REFORM Programm M\u00e4her, Motorheuer, Maish\u00e4cksler Exakt, Schleuderd\u00fcngerstreuer, Bucher 1500\/2000, Muli 40\/140, Semo, Heuer, Bison, usw. A4 Format ausklappbar zur 4fachen Gr\u00f6\u00dfe (A2 Format) Deutsch nicht gelocht in der Mitte geknickt gebraucht sehr guter Zustand 100% original<\/p>","protected":false},"featured_media":26610,"template":"","meta":[],"product_brand":[],"product_cat":[45,74,70],"product_tag":[571,1302,307,262,2374,186,428,3009,2892,531],"class_list":{"0":"post-26706","1":"product","2":"type-product","3":"status-publish","4":"has-post-thumbnail","6":"product_cat-prospekte","7":"product_cat-prospekte_reform","8":"product_cat-reform","9":"product_tag-bucher","10":"product_tag-heuer","11":"product_tag-ladewagen","12":"product_tag-maeher","13":"product_tag-muli","14":"product_tag-prospekt","15":"product_tag-reform","16":"product_tag-saeautomat","17":"product_tag-semo","18":"product_tag-transporter","20":"first","21":"instock","22":"shipping-taxable","23":"purchasable","24":"product-type-simple"},"_links":{"self":[{"href":"https:\/\/www.agraritaeten-shop.com\/en\/wp-json\/wp\/v2\/product\/26706","targetHints":{"allow":["GET"]}}],"collection":[{"href":"https:\/\/www.agraritaeten-shop.com\/en\/wp-json\/wp\/v2\/product"}],"about":[{"href":"https:\/\/www.agraritaeten-shop.com\/en\/wp-json\/wp\/v2\/types\/product"}],"wp:featuredmedia":[{"embeddable":true,"href":"https:\/\/www.agraritaeten-shop.com\/en\/wp-json\/wp\/v2\/media\/26610"}],"wp:attachment":[{"href":"https:\/\/www.agraritaeten-shop.com\/en\/wp-json\/wp\/v2\/media?parent=26706"}],"wp:term":[{"taxonomy":"product_brand","embeddable":true,"href":"https:\/\/www.agraritaeten-shop.com\/en\/wp-json\/wp\/v2\/product_brand?post=26706"},{"taxonomy":"product_cat","embeddable":true,"href":"https:\/\/www.agraritaeten-shop.com\/en\/wp-json\/wp\/v2\/product_cat?post=26706"},{"taxonomy":"product_tag","embeddable":true,"href":"https:\/\/www.agraritaeten-shop.com\/en\/wp-json\/wp\/v2\/product_tag?post=26706"}],"curies":[{"name":"wp","href":"https:\/\/api.w.org\/{rel}","templated":true}]}}