{"id":2895,"date":"2025-03-31T14:20:38","date_gmt":"2025-03-31T12:20:38","guid":{"rendered":"https:\/\/www.agraritaeten-shop.com\/?post_type=product&#038;p=2895"},"modified":"2025-03-31T18:14:33","modified_gmt":"2025-03-31T16:14:33","slug":"fahr-prospekt-erntemaschinen-programmuebersicht","status":"publish","type":"product","link":"https:\/\/www.agraritaeten-shop.com\/en\/shop\/prospekte\/deutz-fahr-prospekte\/fahr-prospekt-erntemaschinen-programmuebersicht\/","title":{"rendered":"FAHR Prospekt Erntemaschinen Programm\u00fcbersicht"},"content":{"rendered":"<h1><strong>original brochure<br \/>\n<\/strong><\/h1>\n<h2>FAHR Erntemaschinen Programm\u00fcbersicht<br \/>\nGetreidem\u00e4her, Bindem\u00e4her, Grasm\u00e4her, Heuwender, Schwadenrechen, Heu- und Getreiderechen<\/h2>\n<ul>\n<li>A5 format<\/li>\n<li>8 pages, folds out lengthwise<\/li>\n<li>German<\/li>\n<li>not punched<\/li>\n<li>used<\/li>\n<li>edges reinforced with tape, otherwise in good condition<\/li>\n<li>100% original<\/li>\n<\/ul>","protected":false},"excerpt":{"rendered":"<p>original Prospekt FAHR Erntemaschinen Programm\u00fcbersicht Getreidem\u00e4her, Bindem\u00e4her, Grasm\u00e4her, Heuwender, Schwadenrechen, Heu- und Getreiderechen A5 Format 8 Seiten, der L\u00e4nge nach ausklappbar Deutsch nicht gelocht gebraucht Kanten wurden mit Klebeband geklebt, ansonsten guter Erhaltungszustand 100% original<\/p>","protected":false},"featured_media":2824,"template":"","meta":[],"product_brand":[],"product_cat":[150,38,45],"product_tag":[],"class_list":{"0":"post-2895","1":"product","2":"type-product","3":"status-publish","4":"has-post-thumbnail","6":"product_cat-deutz-fahr-prospekte","7":"product_cat-deutz_fahr","8":"product_cat-prospekte","10":"first","11":"instock","12":"shipping-taxable","13":"purchasable","14":"product-type-simple"},"_links":{"self":[{"href":"https:\/\/www.agraritaeten-shop.com\/en\/wp-json\/wp\/v2\/product\/2895","targetHints":{"allow":["GET"]}}],"collection":[{"href":"https:\/\/www.agraritaeten-shop.com\/en\/wp-json\/wp\/v2\/product"}],"about":[{"href":"https:\/\/www.agraritaeten-shop.com\/en\/wp-json\/wp\/v2\/types\/product"}],"wp:featuredmedia":[{"embeddable":true,"href":"https:\/\/www.agraritaeten-shop.com\/en\/wp-json\/wp\/v2\/media\/2824"}],"wp:attachment":[{"href":"https:\/\/www.agraritaeten-shop.com\/en\/wp-json\/wp\/v2\/media?parent=2895"}],"wp:term":[{"taxonomy":"product_brand","embeddable":true,"href":"https:\/\/www.agraritaeten-shop.com\/en\/wp-json\/wp\/v2\/product_brand?post=2895"},{"taxonomy":"product_cat","embeddable":true,"href":"https:\/\/www.agraritaeten-shop.com\/en\/wp-json\/wp\/v2\/product_cat?post=2895"},{"taxonomy":"product_tag","embeddable":true,"href":"https:\/\/www.agraritaeten-shop.com\/en\/wp-json\/wp\/v2\/product_tag?post=2895"}],"curies":[{"name":"wp","href":"https:\/\/api.w.org\/{rel}","templated":true}]}}