{"id":3072,"date":"2023-11-09T08:53:10","date_gmt":"2023-11-09T07:53:10","guid":{"rendered":"https:\/\/www.agraritaeten-shop.com\/?post_type=product&#038;p=3072"},"modified":"2023-09-15T21:59:06","modified_gmt":"2023-09-15T19:59:06","slug":"stoll-betriebsanleitung-bunkerkoepfroder-4","status":"publish","type":"product","link":"https:\/\/www.agraritaeten-shop.com\/en\/shop\/betriebsanleitungen\/betriebsanleitungen_erntegeraete\/stoll-betriebsanleitung-bunkerkoepfroder-4\/","title":{"rendered":"STOLL Betriebsanleitung Bunkerk\u00f6pfroder"},"content":{"rendered":"<h1><strong>original User Manual Supplement<\/strong><\/h1>\n<h1>STOLL Bunkerk\u00f6pfroder B20<br \/>\n<span style=\"font-size: 75%;\">Ausgabe 1961<\/span><\/h1>\n<ul>\n<li>approx. A5 Format<\/li>\n<li>24 pages<\/li>\n<li>German<\/li>\n<li>not punched<\/li>\n<li>used<\/li>\n<li>slight discoloration on the cover pages, otherwise in good condition<\/li>\n<li>100% original<\/li>\n<\/ul>","protected":false},"excerpt":{"rendered":"<p>original Betriebsanleitung Erg\u00e4nzung STOLL Bunkerk\u00f6pfroder B20 Ausgabe 1961 ca. A5 Format 24 Seiten Deutsch nicht gelocht gebraucht leichte Verf\u00e4rbungen auf den Deckseiten, ansonsten guter Zustand 100% original<\/p>","protected":false},"featured_media":2995,"template":"","meta":[],"product_brand":[],"product_cat":[16,167,123],"product_tag":[],"class_list":{"0":"post-3072","1":"product","2":"type-product","3":"status-publish","4":"has-post-thumbnail","6":"product_cat-betriebsanleitungen","7":"product_cat-betriebsanleitungen_erntegeraete","8":"product_cat-sonstige","10":"first","11":"instock","12":"shipping-taxable","13":"purchasable","14":"product-type-simple"},"_links":{"self":[{"href":"https:\/\/www.agraritaeten-shop.com\/en\/wp-json\/wp\/v2\/product\/3072","targetHints":{"allow":["GET"]}}],"collection":[{"href":"https:\/\/www.agraritaeten-shop.com\/en\/wp-json\/wp\/v2\/product"}],"about":[{"href":"https:\/\/www.agraritaeten-shop.com\/en\/wp-json\/wp\/v2\/types\/product"}],"wp:featuredmedia":[{"embeddable":true,"href":"https:\/\/www.agraritaeten-shop.com\/en\/wp-json\/wp\/v2\/media\/2995"}],"wp:attachment":[{"href":"https:\/\/www.agraritaeten-shop.com\/en\/wp-json\/wp\/v2\/media?parent=3072"}],"wp:term":[{"taxonomy":"product_brand","embeddable":true,"href":"https:\/\/www.agraritaeten-shop.com\/en\/wp-json\/wp\/v2\/product_brand?post=3072"},{"taxonomy":"product_cat","embeddable":true,"href":"https:\/\/www.agraritaeten-shop.com\/en\/wp-json\/wp\/v2\/product_cat?post=3072"},{"taxonomy":"product_tag","embeddable":true,"href":"https:\/\/www.agraritaeten-shop.com\/en\/wp-json\/wp\/v2\/product_tag?post=3072"}],"curies":[{"name":"wp","href":"https:\/\/api.w.org\/{rel}","templated":true}]}}