{"id":3378,"date":"2024-02-18T09:10:28","date_gmt":"2024-02-18T08:10:28","guid":{"rendered":"https:\/\/www.agraritaeten-shop.com\/?post_type=product&#038;p=3378"},"modified":"2025-03-13T11:12:41","modified_gmt":"2025-03-13T10:12:41","slug":"mccormick-deering-ihc-prospekt-heu-getreideernte-duengerstreuer","status":"publish","type":"product","link":"https:\/\/www.agraritaeten-shop.com\/en\/shop\/prospekte\/prospekte_ihc-international\/mccormick-deering-ihc-prospekt-heu-getreideernte-duengerstreuer\/","title":{"rendered":"McCormick DEERING IHC Prospekt Heu- Getreideernte D\u00fcngerstreuer"},"content":{"rendered":"<h1><strong>original brochure<br \/>\n<\/strong><\/h1>\n<h2>McCormick DEERING IHC<br \/>\nMaschinen und Ger\u00e4te f\u00fcr die Heu- und Getreideernte<br \/>\nD\u00fcngerstreuer<\/h2>\n<ul>\n<li>A4 format<\/li>\n<li>4 pages<\/li>\n<li>German<\/li>\n<li>punched<\/li>\n<li>used<\/li>\n<li>good condition<\/li>\n<li>100% original<\/li>\n<\/ul>","protected":false},"excerpt":{"rendered":"<p>original Prospekt McCormick DEERING IHC Maschinen und Ger\u00e4te f\u00fcr die Heu- und Getreideernte D\u00fcngerstreuer A4 Format 4 Seiten Deutsch gelocht gebraucht guter Zustand 100% original<\/p>","protected":false},"featured_media":3346,"template":"","meta":[],"product_brand":[],"product_cat":[122,42,82,138,45],"product_tag":[],"class_list":{"0":"post-3378","1":"product","2":"type-product","3":"status-publish","4":"has-post-thumbnail","6":"product_cat-prospekte_ihc-international","7":"product_cat-ihc_international","8":"product_cat-mccormick","9":"product_cat-mccormick-prospekte","10":"product_cat-prospekte","12":"first","13":"instock","14":"shipping-taxable","15":"purchasable","16":"product-type-simple"},"_links":{"self":[{"href":"https:\/\/www.agraritaeten-shop.com\/en\/wp-json\/wp\/v2\/product\/3378","targetHints":{"allow":["GET"]}}],"collection":[{"href":"https:\/\/www.agraritaeten-shop.com\/en\/wp-json\/wp\/v2\/product"}],"about":[{"href":"https:\/\/www.agraritaeten-shop.com\/en\/wp-json\/wp\/v2\/types\/product"}],"wp:featuredmedia":[{"embeddable":true,"href":"https:\/\/www.agraritaeten-shop.com\/en\/wp-json\/wp\/v2\/media\/3346"}],"wp:attachment":[{"href":"https:\/\/www.agraritaeten-shop.com\/en\/wp-json\/wp\/v2\/media?parent=3378"}],"wp:term":[{"taxonomy":"product_brand","embeddable":true,"href":"https:\/\/www.agraritaeten-shop.com\/en\/wp-json\/wp\/v2\/product_brand?post=3378"},{"taxonomy":"product_cat","embeddable":true,"href":"https:\/\/www.agraritaeten-shop.com\/en\/wp-json\/wp\/v2\/product_cat?post=3378"},{"taxonomy":"product_tag","embeddable":true,"href":"https:\/\/www.agraritaeten-shop.com\/en\/wp-json\/wp\/v2\/product_tag?post=3378"}],"curies":[{"name":"wp","href":"https:\/\/api.w.org\/{rel}","templated":true}]}}