{"id":3847,"date":"2023-05-09T00:23:09","date_gmt":"2023-05-08T22:23:09","guid":{"rendered":"https:\/\/www.agraritaeten-shop.com\/?post_type=product&#038;p=3847"},"modified":"2025-03-13T13:40:29","modified_gmt":"2025-03-13T12:40:29","slug":"ihc-international-prospekt-feldhaecksler-530-540","status":"publish","type":"product","link":"https:\/\/www.agraritaeten-shop.com\/en\/shop\/prospekte\/prospekte_ihc-international\/ihc-international-prospekt-feldhaecksler-530-540\/","title":{"rendered":"IHC International Prospekt Feldh\u00e4cksler 530-540"},"content":{"rendered":"<h1><strong>original brochure<br \/>\n<\/strong><\/h1>\n<h2>IHC International\u00a0Feldh\u00e4cksler 530-540<\/h2>\n<ul>\n<li>approx. A5 Format<\/li>\n<li>fold-out to 4 times its original size<\/li>\n<li><strong>FRENCH!!!<\/strong><\/li>\n<li>punched<\/li>\n<li>used<\/li>\n<li>good condition<\/li>\n<li>100% original<\/li>\n<\/ul>","protected":false},"excerpt":{"rendered":"<p>original Prospekt IHC International\u00a0Feldh\u00e4cksler 530-540 ca. A5 Format ausklappbar zur 4fachen Gr\u00f6\u00dfe FRANZ\u00d6SISCH!!! gelocht gebraucht guter Zustand 100% original<\/p>","protected":false},"featured_media":3840,"template":"","meta":[],"product_brand":[],"product_cat":[122,42,45],"product_tag":[],"class_list":{"0":"post-3847","1":"product","2":"type-product","3":"status-publish","4":"has-post-thumbnail","6":"product_cat-prospekte_ihc-international","7":"product_cat-ihc_international","8":"product_cat-prospekte","10":"first","11":"instock","12":"shipping-taxable","13":"purchasable","14":"product-type-simple"},"_links":{"self":[{"href":"https:\/\/www.agraritaeten-shop.com\/en\/wp-json\/wp\/v2\/product\/3847","targetHints":{"allow":["GET"]}}],"collection":[{"href":"https:\/\/www.agraritaeten-shop.com\/en\/wp-json\/wp\/v2\/product"}],"about":[{"href":"https:\/\/www.agraritaeten-shop.com\/en\/wp-json\/wp\/v2\/types\/product"}],"wp:featuredmedia":[{"embeddable":true,"href":"https:\/\/www.agraritaeten-shop.com\/en\/wp-json\/wp\/v2\/media\/3840"}],"wp:attachment":[{"href":"https:\/\/www.agraritaeten-shop.com\/en\/wp-json\/wp\/v2\/media?parent=3847"}],"wp:term":[{"taxonomy":"product_brand","embeddable":true,"href":"https:\/\/www.agraritaeten-shop.com\/en\/wp-json\/wp\/v2\/product_brand?post=3847"},{"taxonomy":"product_cat","embeddable":true,"href":"https:\/\/www.agraritaeten-shop.com\/en\/wp-json\/wp\/v2\/product_cat?post=3847"},{"taxonomy":"product_tag","embeddable":true,"href":"https:\/\/www.agraritaeten-shop.com\/en\/wp-json\/wp\/v2\/product_tag?post=3847"}],"curies":[{"name":"wp","href":"https:\/\/api.w.org\/{rel}","templated":true}]}}