{"id":3924,"date":"2024-05-11T22:18:27","date_gmt":"2024-05-11T20:18:27","guid":{"rendered":"https:\/\/www.agraritaeten-shop.com\/?post_type=product&#038;p=3924"},"modified":"2024-10-20T20:52:35","modified_gmt":"2024-10-20T18:52:35","slug":"ihc-mccormick-prospekt-traktor-standard-f240-f270","status":"publish","type":"product","link":"https:\/\/www.agraritaeten-shop.com\/en\/shop\/prospekte\/prospekte_ihc-international\/ihc-mccormick-prospekt-traktor-standard-f240-f270\/","title":{"rendered":"IHC McCORMICK Prospekt Traktor Standard F240\/F270"},"content":{"rendered":"<h1><strong>original brochure<br \/>\n<\/strong><\/h1>\n<h2>IHC McCORMICK International<br \/>\nTraktor Standard F240\/F270<\/h2>\n<ul>\n<li>approx. A4 Format<\/li>\n<li>8 pages (partially half-sized)<\/li>\n<li><strong>FRENCH!!!<\/strong><\/li>\n<li>not punched<\/li>\n<li>used<\/li>\n<li>lightly used<\/li>\n<li>100% original<\/li>\n<\/ul>","protected":false},"excerpt":{"rendered":"<p>original Prospekt IHC McCORMICK International Traktor Standard F240\/F270 ca. A4 Format 8 Seiten (ein Teil davon nur halbe Gr\u00f6\u00dfe) FRANZ\u00d6SISCH!!! nicht gelocht gebraucht etwas abgegriffen 100% original<\/p>","protected":false},"featured_media":3913,"template":"","meta":[],"product_brand":[],"product_cat":[122,42,138,82,45],"product_tag":[],"class_list":{"0":"post-3924","1":"product","2":"type-product","3":"status-publish","4":"has-post-thumbnail","6":"product_cat-prospekte_ihc-international","7":"product_cat-ihc_international","8":"product_cat-mccormick-prospekte","9":"product_cat-mccormick","10":"product_cat-prospekte","12":"first","13":"instock","14":"shipping-taxable","15":"purchasable","16":"product-type-simple"},"_links":{"self":[{"href":"https:\/\/www.agraritaeten-shop.com\/en\/wp-json\/wp\/v2\/product\/3924","targetHints":{"allow":["GET"]}}],"collection":[{"href":"https:\/\/www.agraritaeten-shop.com\/en\/wp-json\/wp\/v2\/product"}],"about":[{"href":"https:\/\/www.agraritaeten-shop.com\/en\/wp-json\/wp\/v2\/types\/product"}],"wp:featuredmedia":[{"embeddable":true,"href":"https:\/\/www.agraritaeten-shop.com\/en\/wp-json\/wp\/v2\/media\/3913"}],"wp:attachment":[{"href":"https:\/\/www.agraritaeten-shop.com\/en\/wp-json\/wp\/v2\/media?parent=3924"}],"wp:term":[{"taxonomy":"product_brand","embeddable":true,"href":"https:\/\/www.agraritaeten-shop.com\/en\/wp-json\/wp\/v2\/product_brand?post=3924"},{"taxonomy":"product_cat","embeddable":true,"href":"https:\/\/www.agraritaeten-shop.com\/en\/wp-json\/wp\/v2\/product_cat?post=3924"},{"taxonomy":"product_tag","embeddable":true,"href":"https:\/\/www.agraritaeten-shop.com\/en\/wp-json\/wp\/v2\/product_tag?post=3924"}],"curies":[{"name":"wp","href":"https:\/\/api.w.org\/{rel}","templated":true}]}}