{"id":4030,"date":"2023-05-15T14:20:21","date_gmt":"2023-05-15T12:20:21","guid":{"rendered":"https:\/\/www.agraritaeten-shop.com\/?post_type=product&#038;p=4030"},"modified":"2024-10-20T20:02:00","modified_gmt":"2024-10-20T18:02:00","slug":"fiatagri-prospekt-maehdrescher-mx240","status":"publish","type":"product","link":"https:\/\/www.agraritaeten-shop.com\/en\/shop\/prospekte\/prospekte_fiat\/fiatagri-prospekt-maehdrescher-mx240\/","title":{"rendered":"FIATAGRI Prospekt M\u00e4hdrescher MX240"},"content":{"rendered":"<h1><strong>original brochure<\/strong><\/h1>\n<h1>FIATAGRI<br \/>\nM\u00e4hdrescher MX240<\/h1>\n<ul>\n<li>A4 format<\/li>\n<li>fold-out to 8-times its original size (A1 format)<\/li>\n<li><strong>ITALIAN<\/strong>!<\/li>\n<li>not punched<\/li>\n<li>used<\/li>\n<li>very good condition<\/li>\n<li>100% original<\/li>\n<\/ul>","protected":false},"excerpt":{"rendered":"<p>original Prospekt FIATAGRI M\u00e4hdrescher MX240 A4 Format ausklappbar zur 8fachen Gr\u00f6\u00dfe ins A1 Format ITALIENISCH! nicht gelocht gebraucht sehr guter Zustand 100% original<\/p>","protected":false},"featured_media":3943,"template":"","meta":[],"product_brand":[],"product_cat":[136,137,45],"product_tag":[183,182,181,189],"class_list":{"0":"post-4030","1":"product","2":"type-product","3":"status-publish","4":"has-post-thumbnail","6":"product_cat-fiat","7":"product_cat-prospekte_fiat","8":"product_cat-prospekte","9":"product_tag-fiat","10":"product_tag-fiatagri","11":"product_tag-laverda","12":"product_tag-maehdrescher","14":"first","15":"instock","16":"shipping-taxable","17":"purchasable","18":"product-type-simple"},"_links":{"self":[{"href":"https:\/\/www.agraritaeten-shop.com\/en\/wp-json\/wp\/v2\/product\/4030","targetHints":{"allow":["GET"]}}],"collection":[{"href":"https:\/\/www.agraritaeten-shop.com\/en\/wp-json\/wp\/v2\/product"}],"about":[{"href":"https:\/\/www.agraritaeten-shop.com\/en\/wp-json\/wp\/v2\/types\/product"}],"wp:featuredmedia":[{"embeddable":true,"href":"https:\/\/www.agraritaeten-shop.com\/en\/wp-json\/wp\/v2\/media\/3943"}],"wp:attachment":[{"href":"https:\/\/www.agraritaeten-shop.com\/en\/wp-json\/wp\/v2\/media?parent=4030"}],"wp:term":[{"taxonomy":"product_brand","embeddable":true,"href":"https:\/\/www.agraritaeten-shop.com\/en\/wp-json\/wp\/v2\/product_brand?post=4030"},{"taxonomy":"product_cat","embeddable":true,"href":"https:\/\/www.agraritaeten-shop.com\/en\/wp-json\/wp\/v2\/product_cat?post=4030"},{"taxonomy":"product_tag","embeddable":true,"href":"https:\/\/www.agraritaeten-shop.com\/en\/wp-json\/wp\/v2\/product_tag?post=4030"}],"curies":[{"name":"wp","href":"https:\/\/api.w.org\/{rel}","templated":true}]}}