{"id":4245,"date":"2023-05-20T08:40:16","date_gmt":"2023-05-20T06:40:16","guid":{"rendered":"https:\/\/www.agraritaeten-shop.com\/?post_type=product&#038;p=4245"},"modified":"2023-05-20T08:44:48","modified_gmt":"2023-05-20T06:44:48","slug":"massey-ferguson-prospekt-hochdruckballenpresse-mf10","status":"publish","type":"product","link":"https:\/\/www.agraritaeten-shop.com\/en\/shop\/prospekte\/prospekte_massey_ferguson_harris\/massey-ferguson-prospekt-hochdruckballenpresse-mf10\/","title":{"rendered":"MASSEY-FERGUSON Prospekt ramasseuse-presse MF8"},"content":{"rendered":"<h1><strong>original brochure<br \/>\n<\/strong><\/h1>\n<h2>MASSEY-FERGUSON ramasseuse-presse MF8<\/h2>\n<ul>\n<li>A4 landscape format<\/li>\n<li>fold-out to 4-times its original size (A2 format)<\/li>\n<li><strong>FRENCH<\/strong>!<\/li>\n<li>punched<\/li>\n<li>used<\/li>\n<li>folded in the middle<\/li>\n<li>slightly worn, otherwise well-preserved<\/li>\n<li>100% original<\/li>\n<\/ul>","protected":false},"excerpt":{"rendered":"<p>original Prospekt MASSEY-FERGUSON ramasseuse-presse MF8 A4 Querformat aufklappbar zur 4fachen Gr\u00f6\u00dfe ins A2 Format FRANZ\u00d6SISCH! gelocht gebraucht in der Mitte geknickt etwas abgegriffen, ansonsten gut erhalten 100% original<\/p>","protected":false},"featured_media":4214,"template":"","meta":[],"product_brand":[],"product_cat":[75,111,45],"product_tag":[193,247,186],"class_list":{"0":"post-4245","1":"product","2":"type-product","3":"status-publish","4":"has-post-thumbnail","6":"product_cat-massey-ferguson-harris","7":"product_cat-prospekte_massey_ferguson_harris","8":"product_cat-prospekte","9":"product_tag-massey-ferguson","10":"product_tag-presse","11":"product_tag-prospekt","13":"first","14":"instock","15":"shipping-taxable","16":"purchasable","17":"product-type-simple"},"_links":{"self":[{"href":"https:\/\/www.agraritaeten-shop.com\/en\/wp-json\/wp\/v2\/product\/4245","targetHints":{"allow":["GET"]}}],"collection":[{"href":"https:\/\/www.agraritaeten-shop.com\/en\/wp-json\/wp\/v2\/product"}],"about":[{"href":"https:\/\/www.agraritaeten-shop.com\/en\/wp-json\/wp\/v2\/types\/product"}],"wp:featuredmedia":[{"embeddable":true,"href":"https:\/\/www.agraritaeten-shop.com\/en\/wp-json\/wp\/v2\/media\/4214"}],"wp:attachment":[{"href":"https:\/\/www.agraritaeten-shop.com\/en\/wp-json\/wp\/v2\/media?parent=4245"}],"wp:term":[{"taxonomy":"product_brand","embeddable":true,"href":"https:\/\/www.agraritaeten-shop.com\/en\/wp-json\/wp\/v2\/product_brand?post=4245"},{"taxonomy":"product_cat","embeddable":true,"href":"https:\/\/www.agraritaeten-shop.com\/en\/wp-json\/wp\/v2\/product_cat?post=4245"},{"taxonomy":"product_tag","embeddable":true,"href":"https:\/\/www.agraritaeten-shop.com\/en\/wp-json\/wp\/v2\/product_tag?post=4245"}],"curies":[{"name":"wp","href":"https:\/\/api.w.org\/{rel}","templated":true}]}}