{"id":4250,"date":"2023-05-20T09:23:45","date_gmt":"2023-05-20T07:23:45","guid":{"rendered":"https:\/\/www.agraritaeten-shop.com\/?post_type=product&#038;p=4250"},"modified":"2024-12-28T16:44:00","modified_gmt":"2024-12-28T15:44:00","slug":"john-deere-lanz-prospekt-maehdrescher-330","status":"publish","type":"product","link":"https:\/\/www.agraritaeten-shop.com\/en\/shop\/prospekte\/prospekte_john-deere\/john-deere-lanz-prospekt-maehdrescher-330\/","title":{"rendered":"JOHN DEERE LANZ Prospekt M\u00e4hdrescher 330"},"content":{"rendered":"<h1><strong>original brochure<br \/>\n<\/strong><\/h1>\n<h2>JOHN DEERE LANZ M\u00e4hdrescher 330<\/h2>\n<ul>\n<li>approx. 10cm x 21cm<\/li>\n<li>fold-out to 4-times its original size<\/li>\n<li>German<\/li>\n<li>not punched<\/li>\n<li>used<\/li>\n<li>very good condition<\/li>\n<li>100% original<\/li>\n<\/ul>","protected":false},"excerpt":{"rendered":"<p>original Prospekt JOHN DEERE LANZ M\u00e4hdrescher 330 ca. 10cm x 21cm aufklappbar zur 4fachen Gr\u00f6\u00dfe Deutsch nicht gelocht gebraucht sehr guter Zustand 100% original<\/p>","protected":false},"featured_media":4217,"template":"","meta":[],"product_brand":[],"product_cat":[93,95,94,96,45],"product_tag":[197,250,189,186],"class_list":{"0":"post-4250","1":"product","2":"type-product","3":"status-publish","4":"has-post-thumbnail","6":"product_cat-john-deere","7":"product_cat-prospekte_john-deere","8":"product_cat-lanz","9":"product_cat-prospekte_lanz","10":"product_cat-prospekte","11":"product_tag-john-deere","12":"product_tag-lanz","13":"product_tag-maehdrescher","14":"product_tag-prospekt","16":"first","17":"instock","18":"shipping-taxable","19":"purchasable","20":"product-type-simple"},"_links":{"self":[{"href":"https:\/\/www.agraritaeten-shop.com\/en\/wp-json\/wp\/v2\/product\/4250","targetHints":{"allow":["GET"]}}],"collection":[{"href":"https:\/\/www.agraritaeten-shop.com\/en\/wp-json\/wp\/v2\/product"}],"about":[{"href":"https:\/\/www.agraritaeten-shop.com\/en\/wp-json\/wp\/v2\/types\/product"}],"wp:featuredmedia":[{"embeddable":true,"href":"https:\/\/www.agraritaeten-shop.com\/en\/wp-json\/wp\/v2\/media\/4217"}],"wp:attachment":[{"href":"https:\/\/www.agraritaeten-shop.com\/en\/wp-json\/wp\/v2\/media?parent=4250"}],"wp:term":[{"taxonomy":"product_brand","embeddable":true,"href":"https:\/\/www.agraritaeten-shop.com\/en\/wp-json\/wp\/v2\/product_brand?post=4250"},{"taxonomy":"product_cat","embeddable":true,"href":"https:\/\/www.agraritaeten-shop.com\/en\/wp-json\/wp\/v2\/product_cat?post=4250"},{"taxonomy":"product_tag","embeddable":true,"href":"https:\/\/www.agraritaeten-shop.com\/en\/wp-json\/wp\/v2\/product_tag?post=4250"}],"curies":[{"name":"wp","href":"https:\/\/api.w.org\/{rel}","templated":true}]}}