{"id":4278,"date":"2023-05-20T22:11:32","date_gmt":"2023-05-20T20:11:32","guid":{"rendered":"https:\/\/www.agraritaeten-shop.com\/?post_type=product&#038;p=4278"},"modified":"2024-10-20T19:41:17","modified_gmt":"2024-10-20T17:41:17","slug":"mccormick-ihc-prospekt-maehdrescher-d-44-d-64","status":"publish","type":"product","link":"https:\/\/www.agraritaeten-shop.com\/en\/shop\/prospekte\/prospekte_ihc-international\/mccormick-ihc-prospekt-maehdrescher-d-44-d-64\/","title":{"rendered":"McCormick IHC Prospekt M\u00e4hdrescher D-44\/D-64"},"content":{"rendered":"<h1><strong>original brochure<\/strong><\/h1>\n<h1>McCormick International<br \/>\nM\u00e4hdrescher D-44\/D-64<\/h1>\n<ul>\n<li>A5 landscape format<\/li>\n<li>double-folded, expandable to A3 size<\/li>\n<li>German<\/li>\n<li>punched<\/li>\n<li>used<\/li>\n<li>minor signs of use, slight discoloration<\/li>\n<li>but in good condition<\/li>\n<li>100% original<\/li>\n<\/ul>","protected":false},"excerpt":{"rendered":"<p>original Prospekt McCormick International M\u00e4hdrescher D-44\/D-64 A5 Querformat ausklappbar zur 4fachen Gr\u00f6\u00dfe (A3) Deutsch gelocht gebraucht minimale Gebrauchsspuren, leichte Verf\u00e4rbungen aber gut erhalten 100% original<\/p>","protected":false},"featured_media":4218,"template":"","meta":[],"product_brand":[],"product_cat":[42,122,82,138,45],"product_tag":[185,187,189,184,186],"class_list":{"0":"post-4278","1":"product","2":"type-product","3":"status-publish","4":"has-post-thumbnail","6":"product_cat-ihc_international","7":"product_cat-prospekte_ihc-international","8":"product_cat-mccormick","9":"product_cat-mccormick-prospekte","10":"product_cat-prospekte","11":"product_tag-ihc","12":"product_tag-international","13":"product_tag-maehdrescher","14":"product_tag-mccormick","15":"product_tag-prospekt","17":"first","18":"instock","19":"shipping-taxable","20":"purchasable","21":"product-type-simple"},"_links":{"self":[{"href":"https:\/\/www.agraritaeten-shop.com\/en\/wp-json\/wp\/v2\/product\/4278","targetHints":{"allow":["GET"]}}],"collection":[{"href":"https:\/\/www.agraritaeten-shop.com\/en\/wp-json\/wp\/v2\/product"}],"about":[{"href":"https:\/\/www.agraritaeten-shop.com\/en\/wp-json\/wp\/v2\/types\/product"}],"wp:featuredmedia":[{"embeddable":true,"href":"https:\/\/www.agraritaeten-shop.com\/en\/wp-json\/wp\/v2\/media\/4218"}],"wp:attachment":[{"href":"https:\/\/www.agraritaeten-shop.com\/en\/wp-json\/wp\/v2\/media?parent=4278"}],"wp:term":[{"taxonomy":"product_brand","embeddable":true,"href":"https:\/\/www.agraritaeten-shop.com\/en\/wp-json\/wp\/v2\/product_brand?post=4278"},{"taxonomy":"product_cat","embeddable":true,"href":"https:\/\/www.agraritaeten-shop.com\/en\/wp-json\/wp\/v2\/product_cat?post=4278"},{"taxonomy":"product_tag","embeddable":true,"href":"https:\/\/www.agraritaeten-shop.com\/en\/wp-json\/wp\/v2\/product_tag?post=4278"}],"curies":[{"name":"wp","href":"https:\/\/api.w.org\/{rel}","templated":true}]}}