{"id":4454,"date":"2023-05-21T20:06:31","date_gmt":"2023-05-21T18:06:31","guid":{"rendered":"https:\/\/www.agraritaeten-shop.com\/?post_type=product&#038;p=4454"},"modified":"2025-05-26T10:43:14","modified_gmt":"2025-05-26T08:43:14","slug":"new-holland-prospekt-programmuebersicht-2","status":"publish","type":"product","link":"https:\/\/www.agraritaeten-shop.com\/en\/shop\/prospekte\/new-holland\/new-holland-prospekt-programmuebersicht-2\/","title":{"rendered":"NEW HOLLAND Prospekt Programm\u00fcbersicht"},"content":{"rendered":"<h1><strong>original brochure<br \/>\n<\/strong><\/h1>\n<h2>NEW HOLLAND Programm\u00fcbersicht<br \/>\nM\u00e4hdrescher, Pressen, H\u00e4cksler, Erntemaschinen<\/h2>\n<ul>\n<li>A4 format<\/li>\n<li>4 pages<\/li>\n<li>German<\/li>\n<li>punched<\/li>\n<li>used<\/li>\n<li>very good condition<\/li>\n<li>100% original<\/li>\n<\/ul>","protected":false},"excerpt":{"rendered":"<p>original Prospekt NEW HOLLAND Programm\u00fcbersicht M\u00e4hdrescher, Pressen, H\u00e4cksler, Erntemaschinen A4 Format 4 Seiten Deutsch gelocht gebraucht sehr guter Zustand 100% original<\/p>","protected":false},"featured_media":4424,"template":"","meta":[],"product_brand":[],"product_cat":[131,71,45],"product_tag":[313,298,189,238,248,303,186],"class_list":{"0":"post-4454","1":"product","2":"type-product","3":"status-publish","4":"has-post-thumbnail","6":"product_cat-new-holland","7":"product_cat-new_holland","8":"product_cat-prospekte","9":"product_tag-erntemaschinen","10":"product_tag-haecksler","11":"product_tag-maehdrescher","12":"product_tag-new-holland","13":"product_tag-pressen","14":"product_tag-programm","15":"product_tag-prospekt","17":"first","18":"instock","19":"shipping-taxable","20":"purchasable","21":"product-type-simple"},"_links":{"self":[{"href":"https:\/\/www.agraritaeten-shop.com\/en\/wp-json\/wp\/v2\/product\/4454","targetHints":{"allow":["GET"]}}],"collection":[{"href":"https:\/\/www.agraritaeten-shop.com\/en\/wp-json\/wp\/v2\/product"}],"about":[{"href":"https:\/\/www.agraritaeten-shop.com\/en\/wp-json\/wp\/v2\/types\/product"}],"wp:featuredmedia":[{"embeddable":true,"href":"https:\/\/www.agraritaeten-shop.com\/en\/wp-json\/wp\/v2\/media\/4424"}],"wp:attachment":[{"href":"https:\/\/www.agraritaeten-shop.com\/en\/wp-json\/wp\/v2\/media?parent=4454"}],"wp:term":[{"taxonomy":"product_brand","embeddable":true,"href":"https:\/\/www.agraritaeten-shop.com\/en\/wp-json\/wp\/v2\/product_brand?post=4454"},{"taxonomy":"product_cat","embeddable":true,"href":"https:\/\/www.agraritaeten-shop.com\/en\/wp-json\/wp\/v2\/product_cat?post=4454"},{"taxonomy":"product_tag","embeddable":true,"href":"https:\/\/www.agraritaeten-shop.com\/en\/wp-json\/wp\/v2\/product_tag?post=4454"}],"curies":[{"name":"wp","href":"https:\/\/api.w.org\/{rel}","templated":true}]}}