{"id":4618,"date":"2023-05-28T21:47:47","date_gmt":"2023-05-28T19:47:47","guid":{"rendered":"https:\/\/www.agraritaeten-shop.com\/?post_type=product&#038;p=4618"},"modified":"2024-12-28T16:43:59","modified_gmt":"2024-12-28T15:43:59","slug":"john-deere-lanz-prospekt-maehdrescher-630","status":"publish","type":"product","link":"https:\/\/www.agraritaeten-shop.com\/en\/shop\/prospekte\/prospekte_john-deere\/john-deere-lanz-prospekt-maehdrescher-630\/","title":{"rendered":"JOHN DEERE LANZ Prospekt M\u00e4hdrescher 630"},"content":{"rendered":"<h1><strong>original brochure<br \/>\n<\/strong><\/h1>\n<h2>JOHN DEERE LANZ<br \/>\nM\u00e4hdrescher 630<\/h2>\n<ul>\n<li>10cm x 21cm<\/li>\n<li>fold-out lengthwise to 4 times its original size<\/li>\n<li>German<\/li>\n<li>not punched<\/li>\n<li>used<\/li>\n<li>very good condition<\/li>\n<li>100% original<\/li>\n<\/ul>","protected":false},"excerpt":{"rendered":"<p>original Prospekt JOHN DEERE LANZ M\u00e4hdrescher 630 10cm x 21cm ausklappbar der L\u00e4nge nach zur 4fachen Gr\u00f6\u00dfe Deutsch nicht gelocht gebraucht sehr guter Zustand 100% original<\/p>","protected":false},"featured_media":4619,"template":"","meta":[],"product_brand":[],"product_cat":[93,95,96,94,45],"product_tag":[197,432,250,189,186],"class_list":{"0":"post-4618","1":"product","2":"type-product","3":"status-publish","4":"has-post-thumbnail","6":"product_cat-john-deere","7":"product_cat-prospekte_john-deere","8":"product_cat-prospekte_lanz","9":"product_cat-lanz","10":"product_cat-prospekte","11":"product_tag-john-deere","12":"product_tag-john-deere-lanz","13":"product_tag-lanz","14":"product_tag-maehdrescher","15":"product_tag-prospekt","17":"first","18":"instock","19":"shipping-taxable","20":"purchasable","21":"product-type-simple"},"_links":{"self":[{"href":"https:\/\/www.agraritaeten-shop.com\/en\/wp-json\/wp\/v2\/product\/4618","targetHints":{"allow":["GET"]}}],"collection":[{"href":"https:\/\/www.agraritaeten-shop.com\/en\/wp-json\/wp\/v2\/product"}],"about":[{"href":"https:\/\/www.agraritaeten-shop.com\/en\/wp-json\/wp\/v2\/types\/product"}],"wp:featuredmedia":[{"embeddable":true,"href":"https:\/\/www.agraritaeten-shop.com\/en\/wp-json\/wp\/v2\/media\/4619"}],"wp:attachment":[{"href":"https:\/\/www.agraritaeten-shop.com\/en\/wp-json\/wp\/v2\/media?parent=4618"}],"wp:term":[{"taxonomy":"product_brand","embeddable":true,"href":"https:\/\/www.agraritaeten-shop.com\/en\/wp-json\/wp\/v2\/product_brand?post=4618"},{"taxonomy":"product_cat","embeddable":true,"href":"https:\/\/www.agraritaeten-shop.com\/en\/wp-json\/wp\/v2\/product_cat?post=4618"},{"taxonomy":"product_tag","embeddable":true,"href":"https:\/\/www.agraritaeten-shop.com\/en\/wp-json\/wp\/v2\/product_tag?post=4618"}],"curies":[{"name":"wp","href":"https:\/\/api.w.org\/{rel}","templated":true}]}}