{"id":4820,"date":"2023-06-05T12:59:10","date_gmt":"2023-06-05T10:59:10","guid":{"rendered":"https:\/\/www.agraritaeten-shop.com\/?post_type=product&#038;p=4820"},"modified":"2024-12-28T16:41:26","modified_gmt":"2024-12-28T15:41:26","slug":"john-deere-lanz-prospekt-hochdruck-sammelpresse","status":"publish","type":"product","link":"https:\/\/www.agraritaeten-shop.com\/en\/shop\/prospekte\/prospekte_john-deere\/john-deere-lanz-prospekt-hochdruck-sammelpresse\/","title":{"rendered":"JOHN DEERE LANZ Prospekt Hochdruck-Sammelpresse"},"content":{"rendered":"<h1><strong>original brochure<br \/>\n<\/strong><\/h1>\n<h2>JOHN DEERE LANZ<br \/>\nHochdruck-Sammelpresse<\/h2>\n<ul>\n<li>10cm x 21cm<\/li>\n<li>fold-out lengthwise to 4 times its original size<\/li>\n<li>German<\/li>\n<li>punched<\/li>\n<li>used<\/li>\n<li>very good condition<\/li>\n<li>100% original<\/li>\n<\/ul>","protected":false},"excerpt":{"rendered":"<p>original Prospekt JOHN DEERE LANZ Hochdruck-Sammelpresse 10cm x 21cm ausklappbar der L\u00e4nge nach zur 4fachen Gr\u00f6\u00dfe Deutsch gelocht gebraucht sehr guter Zustand 100% original<\/p>","protected":false},"featured_media":4791,"template":"","meta":[],"product_brand":[],"product_cat":[93,95,94,96,45],"product_tag":[466,197,432,250,248,186,292],"class_list":{"0":"post-4820","1":"product","2":"type-product","3":"status-publish","4":"has-post-thumbnail","6":"product_cat-john-deere","7":"product_cat-prospekte_john-deere","8":"product_cat-lanz","9":"product_cat-prospekte_lanz","10":"product_cat-prospekte","11":"product_tag-hochdruck-sammelpresse","12":"product_tag-john-deere","13":"product_tag-john-deere-lanz","14":"product_tag-lanz","15":"product_tag-pressen","16":"product_tag-prospekt","17":"product_tag-sammelpresse","19":"first","20":"instock","21":"shipping-taxable","22":"purchasable","23":"product-type-simple"},"_links":{"self":[{"href":"https:\/\/www.agraritaeten-shop.com\/en\/wp-json\/wp\/v2\/product\/4820","targetHints":{"allow":["GET"]}}],"collection":[{"href":"https:\/\/www.agraritaeten-shop.com\/en\/wp-json\/wp\/v2\/product"}],"about":[{"href":"https:\/\/www.agraritaeten-shop.com\/en\/wp-json\/wp\/v2\/types\/product"}],"wp:featuredmedia":[{"embeddable":true,"href":"https:\/\/www.agraritaeten-shop.com\/en\/wp-json\/wp\/v2\/media\/4791"}],"wp:attachment":[{"href":"https:\/\/www.agraritaeten-shop.com\/en\/wp-json\/wp\/v2\/media?parent=4820"}],"wp:term":[{"taxonomy":"product_brand","embeddable":true,"href":"https:\/\/www.agraritaeten-shop.com\/en\/wp-json\/wp\/v2\/product_brand?post=4820"},{"taxonomy":"product_cat","embeddable":true,"href":"https:\/\/www.agraritaeten-shop.com\/en\/wp-json\/wp\/v2\/product_cat?post=4820"},{"taxonomy":"product_tag","embeddable":true,"href":"https:\/\/www.agraritaeten-shop.com\/en\/wp-json\/wp\/v2\/product_tag?post=4820"}],"curies":[{"name":"wp","href":"https:\/\/api.w.org\/{rel}","templated":true}]}}