{"id":4824,"date":"2023-06-05T13:05:02","date_gmt":"2023-06-05T11:05:02","guid":{"rendered":"https:\/\/www.agraritaeten-shop.com\/?post_type=product&#038;p=4824"},"modified":"2024-12-28T16:41:25","modified_gmt":"2024-12-28T15:41:25","slug":"john-deere-lanz-prospekt-niederdruckpresse-2","status":"publish","type":"product","link":"https:\/\/www.agraritaeten-shop.com\/en\/shop\/prospekte\/prospekte_john-deere\/john-deere-lanz-prospekt-niederdruckpresse-2\/","title":{"rendered":"JOHN DEERE LANZ Prospekt Niederdruckpresse"},"content":{"rendered":"<h1><strong>original brochure<br \/>\n<\/strong><\/h1>\n<h2>JOHN DEERE LANZ<br \/>\nNiederdruckpresse<\/h2>\n<ul>\n<li>10cm x 21cm<\/li>\n<li>fold-out lengthwise to 4 times its original size<\/li>\n<li>German<\/li>\n<li>not punched<\/li>\n<li>used<\/li>\n<li>very good condition<\/li>\n<li>100% original<\/li>\n<\/ul>","protected":false},"excerpt":{"rendered":"<p>original Prospekt JOHN DEERE LANZ Niederdruckpresse 10cm x 21cm ausklappbar der L\u00e4nge nach zur 4fachen Gr\u00f6\u00dfe Deutsch nicht gelocht gebraucht sehr guter Zustand 100% original<\/p>","protected":false},"featured_media":4789,"template":"","meta":[],"product_brand":[],"product_cat":[93,95,96,94,45],"product_tag":[197,432,250,494,248,186],"class_list":{"0":"post-4824","1":"product","2":"type-product","3":"status-publish","4":"has-post-thumbnail","6":"product_cat-john-deere","7":"product_cat-prospekte_john-deere","8":"product_cat-prospekte_lanz","9":"product_cat-lanz","10":"product_cat-prospekte","11":"product_tag-john-deere","12":"product_tag-john-deere-lanz","13":"product_tag-lanz","14":"product_tag-niederdruckpresse","15":"product_tag-pressen","16":"product_tag-prospekt","18":"first","19":"instock","20":"shipping-taxable","21":"purchasable","22":"product-type-simple"},"_links":{"self":[{"href":"https:\/\/www.agraritaeten-shop.com\/en\/wp-json\/wp\/v2\/product\/4824","targetHints":{"allow":["GET"]}}],"collection":[{"href":"https:\/\/www.agraritaeten-shop.com\/en\/wp-json\/wp\/v2\/product"}],"about":[{"href":"https:\/\/www.agraritaeten-shop.com\/en\/wp-json\/wp\/v2\/types\/product"}],"wp:featuredmedia":[{"embeddable":true,"href":"https:\/\/www.agraritaeten-shop.com\/en\/wp-json\/wp\/v2\/media\/4789"}],"wp:attachment":[{"href":"https:\/\/www.agraritaeten-shop.com\/en\/wp-json\/wp\/v2\/media?parent=4824"}],"wp:term":[{"taxonomy":"product_brand","embeddable":true,"href":"https:\/\/www.agraritaeten-shop.com\/en\/wp-json\/wp\/v2\/product_brand?post=4824"},{"taxonomy":"product_cat","embeddable":true,"href":"https:\/\/www.agraritaeten-shop.com\/en\/wp-json\/wp\/v2\/product_cat?post=4824"},{"taxonomy":"product_tag","embeddable":true,"href":"https:\/\/www.agraritaeten-shop.com\/en\/wp-json\/wp\/v2\/product_tag?post=4824"}],"curies":[{"name":"wp","href":"https:\/\/api.w.org\/{rel}","templated":true}]}}