{"id":4896,"date":"2023-06-06T22:23:20","date_gmt":"2023-06-06T20:23:20","guid":{"rendered":"https:\/\/www.agraritaeten-shop.com\/?post_type=product&#038;p=4896"},"modified":"2024-10-05T12:23:27","modified_gmt":"2024-10-05T10:23:27","slug":"massey-ferguson-prospekt-ballenpresse-mf14","status":"publish","type":"product","link":"https:\/\/www.agraritaeten-shop.com\/en\/shop\/prospekte\/prospekte_massey_ferguson_harris\/massey-ferguson-prospekt-ballenpresse-mf14\/","title":{"rendered":"MASSEY FERGUSON Prospekt Ballenpresse MF14"},"content":{"rendered":"<h1><span style=\"font-size: 100%;\"><strong>original brochure<\/strong><\/span><\/h1>\n<h2><span style=\"font-family: Arial; font-size: 100%;\"><b>MASSEY FERGUSON ramasseuse-presse MF14<br \/>\n<\/b><\/span>Ballenpresse MF14<\/h2>\n<ul>\n<li><span style=\"color: #000000; font-size: 100%;\">A4 landscape format<\/span><\/li>\n<li><span style=\"color: #000000;\">fold-out to 4-times its original size (A2 format)<\/span><\/li>\n<li><span style=\"color: #000000;\"><strong>French<\/strong>!<\/span><\/li>\n<li><span style=\"color: #000000;\">punched<\/span><\/li>\n<li><span style=\"color: #000000;\">used<\/span><\/li>\n<li>folded in the middle<\/li>\n<li><span style=\"color: #000000;\">good condition<\/span><\/li>\n<li><span style=\"color: #000000;\">100%<\/span><span style=\"color: #555555;\"> original<\/span><\/li>\n<\/ul>","protected":false},"excerpt":{"rendered":"<p>original Prospekt MASSEY FERGUSON ramasseuse-presse MF14 Ballenpresse MF14 A4 Querformat ausklappbar ins A2 Format zur 4fachen Gr\u00f6\u00dfe Franz\u00f6sisch! gelocht gebraucht in der Mitte geknickt guter Zustand 100% original<\/p>","protected":false},"featured_media":4859,"template":"","meta":[],"product_brand":[],"product_cat":[75,111,45],"product_tag":[194,193,186],"class_list":{"0":"post-4896","1":"product","2":"type-product","3":"status-publish","4":"has-post-thumbnail","6":"product_cat-massey-ferguson-harris","7":"product_cat-prospekte_massey_ferguson_harris","8":"product_cat-prospekte","9":"product_tag-ballenpresse","10":"product_tag-massey-ferguson","11":"product_tag-prospekt","13":"first","14":"instock","15":"shipping-taxable","16":"purchasable","17":"product-type-simple"},"_links":{"self":[{"href":"https:\/\/www.agraritaeten-shop.com\/en\/wp-json\/wp\/v2\/product\/4896","targetHints":{"allow":["GET"]}}],"collection":[{"href":"https:\/\/www.agraritaeten-shop.com\/en\/wp-json\/wp\/v2\/product"}],"about":[{"href":"https:\/\/www.agraritaeten-shop.com\/en\/wp-json\/wp\/v2\/types\/product"}],"wp:featuredmedia":[{"embeddable":true,"href":"https:\/\/www.agraritaeten-shop.com\/en\/wp-json\/wp\/v2\/media\/4859"}],"wp:attachment":[{"href":"https:\/\/www.agraritaeten-shop.com\/en\/wp-json\/wp\/v2\/media?parent=4896"}],"wp:term":[{"taxonomy":"product_brand","embeddable":true,"href":"https:\/\/www.agraritaeten-shop.com\/en\/wp-json\/wp\/v2\/product_brand?post=4896"},{"taxonomy":"product_cat","embeddable":true,"href":"https:\/\/www.agraritaeten-shop.com\/en\/wp-json\/wp\/v2\/product_cat?post=4896"},{"taxonomy":"product_tag","embeddable":true,"href":"https:\/\/www.agraritaeten-shop.com\/en\/wp-json\/wp\/v2\/product_tag?post=4896"}],"curies":[{"name":"wp","href":"https:\/\/api.w.org\/{rel}","templated":true}]}}