{"id":5107,"date":"2023-06-18T20:04:01","date_gmt":"2023-06-18T18:04:01","guid":{"rendered":"https:\/\/www.agraritaeten-shop.com\/?post_type=product&#038;p=5107"},"modified":"2024-10-20T20:52:42","modified_gmt":"2024-10-20T18:52:42","slug":"ihc-prospekt-traktor-serie-55xl-45xl-43-45-33-schmalspur","status":"publish","type":"product","link":"https:\/\/www.agraritaeten-shop.com\/en\/shop\/prospekte\/prospekte_ihc-international\/ihc-prospekt-traktor-serie-55xl-45xl-43-45-33-schmalspur\/","title":{"rendered":"IHC Prospekt Traktor Serie 55XL\/45XL \/43\/45\/ 33\/Schmalspur"},"content":{"rendered":"<h1><strong>original brochure<\/strong><\/h1>\n<h2>IHC Traktoren<br \/>\nSerie 55XL\/45XL \/43\/45\/ 33\/Schmalspur<\/h2>\n<ul>\n<li>approx. A4 Format<\/li>\n<li>fold-out to 4 times its original size (A2 format)<\/li>\n<li><strong>FRENCH<\/strong>!<\/li>\n<li>not punched<\/li>\n<li>used<\/li>\n<li>good condition<\/li>\n<li>100% original<\/li>\n<\/ul>","protected":false},"excerpt":{"rendered":"<p>original Prospekt IHC Traktoren Serie 55XL\/45XL \/43\/45\/ 33\/Schmalspur ca. A4 Format ausklappbar zur 4fachen Gr\u00f6\u00dfe (A2 Format) FRANZ\u00d6SISCH! nicht gelocht gebraucht guter Zustand 100% original<\/p>","protected":false},"featured_media":5105,"template":"","meta":[],"product_brand":[],"product_cat":[122,42,45],"product_tag":[185,187,186,188],"class_list":{"0":"post-5107","1":"product","2":"type-product","3":"status-publish","4":"has-post-thumbnail","6":"product_cat-prospekte_ihc-international","7":"product_cat-ihc_international","8":"product_cat-prospekte","9":"product_tag-ihc","10":"product_tag-international","11":"product_tag-prospekt","12":"product_tag-traktor","14":"first","15":"instock","16":"shipping-taxable","17":"purchasable","18":"product-type-simple"},"_links":{"self":[{"href":"https:\/\/www.agraritaeten-shop.com\/en\/wp-json\/wp\/v2\/product\/5107","targetHints":{"allow":["GET"]}}],"collection":[{"href":"https:\/\/www.agraritaeten-shop.com\/en\/wp-json\/wp\/v2\/product"}],"about":[{"href":"https:\/\/www.agraritaeten-shop.com\/en\/wp-json\/wp\/v2\/types\/product"}],"wp:featuredmedia":[{"embeddable":true,"href":"https:\/\/www.agraritaeten-shop.com\/en\/wp-json\/wp\/v2\/media\/5105"}],"wp:attachment":[{"href":"https:\/\/www.agraritaeten-shop.com\/en\/wp-json\/wp\/v2\/media?parent=5107"}],"wp:term":[{"taxonomy":"product_brand","embeddable":true,"href":"https:\/\/www.agraritaeten-shop.com\/en\/wp-json\/wp\/v2\/product_brand?post=5107"},{"taxonomy":"product_cat","embeddable":true,"href":"https:\/\/www.agraritaeten-shop.com\/en\/wp-json\/wp\/v2\/product_cat?post=5107"},{"taxonomy":"product_tag","embeddable":true,"href":"https:\/\/www.agraritaeten-shop.com\/en\/wp-json\/wp\/v2\/product_tag?post=5107"}],"curies":[{"name":"wp","href":"https:\/\/api.w.org\/{rel}","templated":true}]}}