{"id":5755,"date":"2023-08-25T21:51:16","date_gmt":"2023-08-25T19:51:16","guid":{"rendered":"https:\/\/www.agraritaeten-shop.com\/?post_type=product&#038;p=5755"},"modified":"2025-03-19T09:00:53","modified_gmt":"2025-03-19T08:00:53","slug":"gueldner-prospekt-schlepper-tessin","status":"publish","type":"product","link":"https:\/\/www.agraritaeten-shop.com\/en\/shop\/prospekte\/gueldner-prospekte\/gueldner-prospekt-schlepper-tessin\/","title":{"rendered":"G\u00dcLDNER Prospekt Schlepper Tessin"},"content":{"rendered":"<h1><strong>original brochure<\/strong><\/h1>\n<h2>G\u00dcLDNER<br \/>\nSchlepper Tessin<\/h2>\n<ul>\n<li>A4 landscape format<\/li>\n<li>fold-out to 4 times its original size (A2 format)<\/li>\n<li>German<\/li>\n<li>punched<\/li>\n<li>used<\/li>\n<li>very good condition<\/li>\n<li>100% original<\/li>\n<\/ul>","protected":false},"excerpt":{"rendered":"<p>original Prospekt G\u00dcLDNER Schlepper Tessin A4 Querformat ausklappbar zur 4fachen Gr\u00f6\u00dfe (A2 Format) Deutsch gelocht gebraucht sehr guter Zustand 100% original<\/p>","protected":false},"featured_media":5707,"template":"","meta":[],"product_brand":[],"product_cat":[149,148,45],"product_tag":[272,186,256],"class_list":{"0":"post-5755","1":"product","2":"type-product","3":"status-publish","4":"has-post-thumbnail","6":"product_cat-gueldner-prospekte","7":"product_cat-gueldner","8":"product_cat-prospekte","9":"product_tag-gueldner","10":"product_tag-prospekt","11":"product_tag-schlepper","13":"first","14":"outofstock","15":"shipping-taxable","16":"purchasable","17":"product-type-simple"},"_links":{"self":[{"href":"https:\/\/www.agraritaeten-shop.com\/en\/wp-json\/wp\/v2\/product\/5755","targetHints":{"allow":["GET"]}}],"collection":[{"href":"https:\/\/www.agraritaeten-shop.com\/en\/wp-json\/wp\/v2\/product"}],"about":[{"href":"https:\/\/www.agraritaeten-shop.com\/en\/wp-json\/wp\/v2\/types\/product"}],"wp:featuredmedia":[{"embeddable":true,"href":"https:\/\/www.agraritaeten-shop.com\/en\/wp-json\/wp\/v2\/media\/5707"}],"wp:attachment":[{"href":"https:\/\/www.agraritaeten-shop.com\/en\/wp-json\/wp\/v2\/media?parent=5755"}],"wp:term":[{"taxonomy":"product_brand","embeddable":true,"href":"https:\/\/www.agraritaeten-shop.com\/en\/wp-json\/wp\/v2\/product_brand?post=5755"},{"taxonomy":"product_cat","embeddable":true,"href":"https:\/\/www.agraritaeten-shop.com\/en\/wp-json\/wp\/v2\/product_cat?post=5755"},{"taxonomy":"product_tag","embeddable":true,"href":"https:\/\/www.agraritaeten-shop.com\/en\/wp-json\/wp\/v2\/product_tag?post=5755"}],"curies":[{"name":"wp","href":"https:\/\/api.w.org\/{rel}","templated":true}]}}