{"id":5776,"date":"2023-08-02T09:07:20","date_gmt":"2023-08-02T07:07:20","guid":{"rendered":"https:\/\/www.agraritaeten-shop.com\/?post_type=product&#038;p=5776"},"modified":"2023-07-15T09:10:28","modified_gmt":"2023-07-15T07:10:28","slug":"gueldner-prospekt-praesentation-der-gueldner-werke","status":"publish","type":"product","link":"https:\/\/www.agraritaeten-shop.com\/en\/shop\/prospekte\/gueldner-prospekte\/gueldner-prospekt-praesentation-der-gueldner-werke\/","title":{"rendered":"G\u00dcLDNER Prospekt Pr\u00e4sentation der G\u00fcldner Werke"},"content":{"rendered":"<h1><strong>original brochure<\/strong><\/h1>\n<h2>G\u00dcLDNER<br \/>\nPr\u00e4sentation der G\u00fcldner Werke<\/h2>\n<ul>\n<li>A4 format<\/li>\n<li>4 pages<\/li>\n<li>German<\/li>\n<li>punched<\/li>\n<li>used<\/li>\n<li>very good condition<\/li>\n<li>100% original<\/li>\n<\/ul>","protected":false},"excerpt":{"rendered":"<p>original Prospekt G\u00dcLDNER Pr\u00e4sentation der G\u00fcldner Werke A4 Format 4 Seiten Deutsch gelocht gebraucht sehr guter Zustand 100% original<\/p>","protected":false},"featured_media":5695,"template":"","meta":[],"product_brand":[],"product_cat":[148,149,45],"product_tag":[272,670,523,186,256],"class_list":{"0":"post-5776","1":"product","2":"type-product","3":"status-publish","4":"has-post-thumbnail","6":"product_cat-gueldner","7":"product_cat-gueldner-prospekte","8":"product_cat-prospekte","9":"product_tag-gueldner","10":"product_tag-gueldner-werke","11":"product_tag-information","12":"product_tag-prospekt","13":"product_tag-schlepper","15":"first","16":"instock","17":"shipping-taxable","18":"purchasable","19":"product-type-simple"},"_links":{"self":[{"href":"https:\/\/www.agraritaeten-shop.com\/en\/wp-json\/wp\/v2\/product\/5776","targetHints":{"allow":["GET"]}}],"collection":[{"href":"https:\/\/www.agraritaeten-shop.com\/en\/wp-json\/wp\/v2\/product"}],"about":[{"href":"https:\/\/www.agraritaeten-shop.com\/en\/wp-json\/wp\/v2\/types\/product"}],"wp:featuredmedia":[{"embeddable":true,"href":"https:\/\/www.agraritaeten-shop.com\/en\/wp-json\/wp\/v2\/media\/5695"}],"wp:attachment":[{"href":"https:\/\/www.agraritaeten-shop.com\/en\/wp-json\/wp\/v2\/media?parent=5776"}],"wp:term":[{"taxonomy":"product_brand","embeddable":true,"href":"https:\/\/www.agraritaeten-shop.com\/en\/wp-json\/wp\/v2\/product_brand?post=5776"},{"taxonomy":"product_cat","embeddable":true,"href":"https:\/\/www.agraritaeten-shop.com\/en\/wp-json\/wp\/v2\/product_cat?post=5776"},{"taxonomy":"product_tag","embeddable":true,"href":"https:\/\/www.agraritaeten-shop.com\/en\/wp-json\/wp\/v2\/product_tag?post=5776"}],"curies":[{"name":"wp","href":"https:\/\/api.w.org\/{rel}","templated":true}]}}